{"id":8,"date":"2024-10-03T10:29:01","date_gmt":"2024-10-03T08:29:01","guid":{"rendered":"https:\/\/elles129186.webdb78.lwspanel.com\/?page_id=8"},"modified":"2024-10-03T10:33:10","modified_gmt":"2024-10-03T08:33:10","slug":"la-charte","status":"publish","type":"page","link":"https:\/\/www.ellesaussi.org\/?page_id=8","title":{"rendered":"La Charte"},"content":{"rendered":"\t\t<div data-elementor-type=\"wp-post\" data-elementor-id=\"8\" class=\"elementor elementor-8\" data-elementor-post-type=\"page\">\n\t\t\t\t<div class=\"elementor-element elementor-element-fcc2be1 e-flex e-con-boxed e-con e-parent\" data-id=\"fcc2be1\" data-element_type=\"container\">\n\t\t\t\t\t<div class=\"e-con-inner\">\n\t\t\t\t<div class=\"elementor-element elementor-element-8224c2f elementor-widget elementor-widget-text-editor\" data-id=\"8224c2f\" data-element_type=\"widget\" data-widget_type=\"text-editor.default\">\n\t\t\t\t<div class=\"elementor-widget-container\">\n\t\t\t\t\t\t\t<p>Depuis 1992,\u00a0<em>Elles aussi\u00a0<\/em>est un r\u00e9seau pluraliste d\u2019associations de femmes d\u2019origines tr\u00e8s diverses, de rayonnement \u00e0 la fois national et r\u00e9gional se rassemblant autour d\u2019un objectif commun : <span style=\"color: #f05a3c;\"><strong>promouvoir la parit\u00e9 dans toutes les instances \u00e9lues et de d\u00e9cision.<\/strong><strong>\u00a0<br \/><br \/><\/strong><\/span><\/p><ul><li><em><span style=\"color: #f05a3c;\">Elles aussi<\/span>\u00a0<\/em>affirme son attachement aux valeurs r\u00e9publicaines et d\u00e9mocratiques.<br \/><br \/><\/li><li><span style=\"color: #f05a3c;\"><em>Elles aussi\u00a0<\/em><\/span>agit pour permettre aux femmes d&rsquo;atteindre la parit\u00e9 dans les instances \u00e9lues et de d\u00e9cision, pour que chacun, chacune, ait sa place, en v\u00e9ritable partenaire, dans la gestion des affaires publiques.<br \/><br \/><\/li><li><span style=\"color: #f05a3c;\"><em>Elles aussi<\/em>\u00a0<\/span>affirme son pluralisme et son ind\u00e9pendance, notamment vis-\u00e0-vis des partis politiques et des institutions religieuses.<br \/><br \/><\/li><li><span style=\"color: #f05a3c;\"><em>Elles aussi<\/em><\/span>\u00a0affirme son attachement \u00e0 la d\u00e9fense et \u00e0 la mise en \u0153uvre des droits des femmes.<br \/><br \/><\/li><li><span style=\"color: #f05a3c;\"><em>Elles aussi<\/em>\u00a0<\/span>est ouverte et peut coopter toute association de femmes qui adh\u00e8re \u00e0 ces principes. En 2020, Elles aussi s\u2019ouvre \u00e0 des adh\u00e9sions (adh\u00e9sions dans les antennes locales et adh\u00e9sions individuelles aupr\u00e8s du bureau national) de femmes et d\u2019hommes d\u00e9mocrates et d\u00e9fendant ces valeurs ci-dessus.<\/li><\/ul><p>\u00a0<\/p><p style=\"text-align: right;\"><em>Paris, Assembl\u00e9e g\u00e9n\u00e9rale du 24 septembre 2021<\/em><\/p>\t\t\t\t\t\t<\/div>\n\t\t\t\t<\/div>\n\t\t\t\t\t<\/div>\n\t\t\t\t<\/div>\n\t\t\t\t<\/div>\n\t\t","protected":false},"excerpt":{"rendered":"<p>Depuis 1992,\u00a0Elles aussi\u00a0est un r\u00e9seau pluraliste d\u2019associations de femmes d\u2019origines tr\u00e8s diverses, de rayonnement \u00e0 la fois national et r\u00e9gional se rassemblant autour d\u2019un objectif commun : promouvoir la parit\u00e9 dans toutes les instances \u00e9lues et de d\u00e9cision.\u00a0 Elles aussi\u00a0affirme son attachement aux valeurs r\u00e9publicaines et d\u00e9mocratiques. Elles aussi\u00a0agit pour permettre aux femmes d&rsquo;atteindre la [&hellip;]<\/p>\n","protected":false},"author":1,"featured_media":0,"parent":0,"menu_order":0,"comment_status":"closed","ping_status":"closed","template":"","meta":{"footnotes":""},"class_list":["post-8","page","type-page","status-publish","hentry"],"yoast_head":"<!-- This site is optimized with the Yoast SEO plugin v22.8 - https:\/\/yoast.com\/wordpress\/plugins\/seo\/ -->\n<title>La Charte - Elles Aussi<\/title>\n<meta name=\"robots\" content=\"index, follow, max-snippet:-1, max-image-preview:large, max-video-preview:-1\" \/>\n<link rel=\"canonical\" href=\"https:\/\/www.ellesaussi.org\/?page_id=8\" \/>\n<meta property=\"og:locale\" content=\"fr_FR\" \/>\n<meta property=\"og:type\" content=\"article\" \/>\n<meta property=\"og:title\" content=\"La Charte - Elles Aussi\" \/>\n<meta property=\"og:description\" content=\"Depuis 1992,\u00a0Elles aussi\u00a0est un r\u00e9seau pluraliste d\u2019associations de femmes d\u2019origines tr\u00e8s diverses, de rayonnement \u00e0 la fois national et r\u00e9gional se rassemblant autour d\u2019un objectif commun : promouvoir la parit\u00e9 dans toutes les instances \u00e9lues et de d\u00e9cision.\u00a0 Elles aussi\u00a0affirme son attachement aux valeurs r\u00e9publicaines et d\u00e9mocratiques. Elles aussi\u00a0agit pour permettre aux femmes d&rsquo;atteindre la [&hellip;]\" \/>\n<meta property=\"og:url\" content=\"https:\/\/www.ellesaussi.org\/?page_id=8\" \/>\n<meta property=\"og:site_name\" content=\"Elles Aussi\" \/>\n<meta property=\"article:publisher\" content=\"https:\/\/www.facebook.com\/ellesaussi\/\" \/>\n<meta property=\"article:modified_time\" content=\"2024-10-03T08:33:10+00:00\" \/>\n<meta name=\"twitter:card\" content=\"summary_large_image\" \/>\n<meta name=\"twitter:label1\" content=\"Dur\u00e9e de lecture estim\u00e9e\" \/>\n\t<meta name=\"twitter:data1\" content=\"1 minute\" \/>\n<script type=\"application\/ld+json\" class=\"yoast-schema-graph\">{\"@context\":\"https:\/\/schema.org\",\"@graph\":[{\"@type\":\"WebPage\",\"@id\":\"https:\/\/www.ellesaussi.org\/?page_id=8\",\"url\":\"https:\/\/www.ellesaussi.org\/?page_id=8\",\"name\":\"La Charte - Elles Aussi\",\"isPartOf\":{\"@id\":\"https:\/\/www.ellesaussi.org\/#website\"},\"datePublished\":\"2024-10-03T08:29:01+00:00\",\"dateModified\":\"2024-10-03T08:33:10+00:00\",\"breadcrumb\":{\"@id\":\"https:\/\/www.ellesaussi.org\/?page_id=8#breadcrumb\"},\"inLanguage\":\"fr-FR\",\"potentialAction\":[{\"@type\":\"ReadAction\",\"target\":[\"https:\/\/www.ellesaussi.org\/?page_id=8\"]}]},{\"@type\":\"BreadcrumbList\",\"@id\":\"https:\/\/www.ellesaussi.org\/?page_id=8#breadcrumb\",\"itemListElement\":[{\"@type\":\"ListItem\",\"position\":1,\"name\":\"Accueil\",\"item\":\"https:\/\/www.ellesaussi.org\/\"},{\"@type\":\"ListItem\",\"position\":2,\"name\":\"La Charte\"}]},{\"@type\":\"WebSite\",\"@id\":\"https:\/\/www.ellesaussi.org\/#website\",\"url\":\"https:\/\/www.ellesaussi.org\/\",\"name\":\"Elles Aussi\",\"description\":\"\",\"publisher\":{\"@id\":\"https:\/\/www.ellesaussi.org\/#organization\"},\"potentialAction\":[{\"@type\":\"SearchAction\",\"target\":{\"@type\":\"EntryPoint\",\"urlTemplate\":\"https:\/\/www.ellesaussi.org\/?s={search_term_string}\"},\"query-input\":\"required name=search_term_string\"}],\"inLanguage\":\"fr-FR\"},{\"@type\":\"Organization\",\"@id\":\"https:\/\/www.ellesaussi.org\/#organization\",\"name\":\"Elles Aussi\",\"url\":\"https:\/\/www.ellesaussi.org\/\",\"logo\":{\"@type\":\"ImageObject\",\"inLanguage\":\"fr-FR\",\"@id\":\"https:\/\/www.ellesaussi.org\/#\/schema\/logo\/image\/\",\"url\":\"https:\/\/www.ellesaussi.org\/wp-content\/uploads\/2024\/05\/Elles-aussi_logotype_rouge.png\",\"contentUrl\":\"https:\/\/www.ellesaussi.org\/wp-content\/uploads\/2024\/05\/Elles-aussi_logotype_rouge.png\",\"width\":3472,\"height\":2480,\"caption\":\"Elles Aussi\"},\"image\":{\"@id\":\"https:\/\/www.ellesaussi.org\/#\/schema\/logo\/image\/\"},\"sameAs\":[\"https:\/\/www.facebook.com\/ellesaussi\/\"]}]}<\/script>\n<!-- \/ Yoast SEO plugin. -->","yoast_head_json":{"title":"La Charte - Elles Aussi","robots":{"index":"index","follow":"follow","max-snippet":"max-snippet:-1","max-image-preview":"max-image-preview:large","max-video-preview":"max-video-preview:-1"},"canonical":"https:\/\/www.ellesaussi.org\/?page_id=8","og_locale":"fr_FR","og_type":"article","og_title":"La Charte - Elles Aussi","og_description":"Depuis 1992,\u00a0Elles aussi\u00a0est un r\u00e9seau pluraliste d\u2019associations de femmes d\u2019origines tr\u00e8s diverses, de rayonnement \u00e0 la fois national et r\u00e9gional se rassemblant autour d\u2019un objectif commun : promouvoir la parit\u00e9 dans toutes les instances \u00e9lues et de d\u00e9cision.\u00a0 Elles aussi\u00a0affirme son attachement aux valeurs r\u00e9publicaines et d\u00e9mocratiques. Elles aussi\u00a0agit pour permettre aux femmes d&rsquo;atteindre la [&hellip;]","og_url":"https:\/\/www.ellesaussi.org\/?page_id=8","og_site_name":"Elles Aussi","article_publisher":"https:\/\/www.facebook.com\/ellesaussi\/","article_modified_time":"2024-10-03T08:33:10+00:00","twitter_card":"summary_large_image","twitter_misc":{"Dur\u00e9e de lecture estim\u00e9e":"1 minute"},"schema":{"@context":"https:\/\/schema.org","@graph":[{"@type":"WebPage","@id":"https:\/\/www.ellesaussi.org\/?page_id=8","url":"https:\/\/www.ellesaussi.org\/?page_id=8","name":"La Charte - Elles Aussi","isPartOf":{"@id":"https:\/\/www.ellesaussi.org\/#website"},"datePublished":"2024-10-03T08:29:01+00:00","dateModified":"2024-10-03T08:33:10+00:00","breadcrumb":{"@id":"https:\/\/www.ellesaussi.org\/?page_id=8#breadcrumb"},"inLanguage":"fr-FR","potentialAction":[{"@type":"ReadAction","target":["https:\/\/www.ellesaussi.org\/?page_id=8"]}]},{"@type":"BreadcrumbList","@id":"https:\/\/www.ellesaussi.org\/?page_id=8#breadcrumb","itemListElement":[{"@type":"ListItem","position":1,"name":"Accueil","item":"https:\/\/www.ellesaussi.org\/"},{"@type":"ListItem","position":2,"name":"La Charte"}]},{"@type":"WebSite","@id":"https:\/\/www.ellesaussi.org\/#website","url":"https:\/\/www.ellesaussi.org\/","name":"Elles Aussi","description":"","publisher":{"@id":"https:\/\/www.ellesaussi.org\/#organization"},"potentialAction":[{"@type":"SearchAction","target":{"@type":"EntryPoint","urlTemplate":"https:\/\/www.ellesaussi.org\/?s={search_term_string}"},"query-input":"required name=search_term_string"}],"inLanguage":"fr-FR"},{"@type":"Organization","@id":"https:\/\/www.ellesaussi.org\/#organization","name":"Elles Aussi","url":"https:\/\/www.ellesaussi.org\/","logo":{"@type":"ImageObject","inLanguage":"fr-FR","@id":"https:\/\/www.ellesaussi.org\/#\/schema\/logo\/image\/","url":"https:\/\/www.ellesaussi.org\/wp-content\/uploads\/2024\/05\/Elles-aussi_logotype_rouge.png","contentUrl":"https:\/\/www.ellesaussi.org\/wp-content\/uploads\/2024\/05\/Elles-aussi_logotype_rouge.png","width":3472,"height":2480,"caption":"Elles Aussi"},"image":{"@id":"https:\/\/www.ellesaussi.org\/#\/schema\/logo\/image\/"},"sameAs":["https:\/\/www.facebook.com\/ellesaussi\/"]}]}},"_links":{"self":[{"href":"https:\/\/www.ellesaussi.org\/index.php?rest_route=\/wp\/v2\/pages\/8","targetHints":{"allow":["GET"]}}],"collection":[{"href":"https:\/\/www.ellesaussi.org\/index.php?rest_route=\/wp\/v2\/pages"}],"about":[{"href":"https:\/\/www.ellesaussi.org\/index.php?rest_route=\/wp\/v2\/types\/page"}],"author":[{"embeddable":true,"href":"https:\/\/www.ellesaussi.org\/index.php?rest_route=\/wp\/v2\/users\/1"}],"replies":[{"embeddable":true,"href":"https:\/\/www.ellesaussi.org\/index.php?rest_route=%2Fwp%2Fv2%2Fcomments&post=8"}],"version-history":[{"count":5,"href":"https:\/\/www.ellesaussi.org\/index.php?rest_route=\/wp\/v2\/pages\/8\/revisions"}],"predecessor-version":[{"id":462,"href":"https:\/\/www.ellesaussi.org\/index.php?rest_route=\/wp\/v2\/pages\/8\/revisions\/462"}],"wp:attachment":[{"href":"https:\/\/www.ellesaussi.org\/index.php?rest_route=%2Fwp%2Fv2%2Fmedia&parent=8"}],"curies":[{"name":"wp","href":"https:\/\/api.w.org\/{rel}","templated":true}]}}