{"id":592,"date":"2024-10-07T16:58:44","date_gmt":"2024-10-07T14:58:44","guid":{"rendered":"https:\/\/elles129186.webdb78.lwspanel.com\/?page_id=592"},"modified":"2024-10-07T17:20:18","modified_gmt":"2024-10-07T15:20:18","slug":"les-partenaires-delles-aussi","status":"publish","type":"page","link":"https:\/\/www.ellesaussi.org\/?page_id=592","title":{"rendered":"Les partenaires d\u2019Elles aussi"},"content":{"rendered":"\t\t<div data-elementor-type=\"wp-page\" data-elementor-id=\"592\" class=\"elementor elementor-592\" data-elementor-post-type=\"page\">\n\t\t\t\t<div class=\"elementor-element elementor-element-38ae17d e-flex e-con-boxed e-con e-parent\" data-id=\"38ae17d\" data-element_type=\"container\">\n\t\t\t\t\t<div class=\"e-con-inner\">\n\t\t<div class=\"elementor-element elementor-element-b8c00cc e-con-full e-flex e-con e-child\" data-id=\"b8c00cc\" data-element_type=\"container\">\n\t\t\t\t<div class=\"elementor-element elementor-element-da50f41 elementor-widget elementor-widget-image\" data-id=\"da50f41\" data-element_type=\"widget\" data-widget_type=\"image.default\">\n\t\t\t\t<div class=\"elementor-widget-container\">\n\t\t\t\t\t\t\t\t\t\t<figure class=\"wp-caption\">\n\t\t\t\t\t\t\t\t\t\t\t<a href=\"https:\/\/www.clef-femmes.fr\/\" target=\"_blank\">\n\t\t\t\t\t\t\t<img decoding=\"async\" width=\"250\" height=\"150\" src=\"https:\/\/www.ellesaussi.org\/wp-content\/uploads\/2024\/10\/logo-clef-femmes.png\" class=\"attachment-large size-large wp-image-595\" alt=\"\" \/>\t\t\t\t\t\t\t\t<\/a>\n\t\t\t\t\t\t\t\t\t\t\t<figcaption class=\"widget-image-caption wp-caption-text\">www.clef-femmes.fr<\/figcaption>\n\t\t\t\t\t\t\t\t\t\t<\/figure>\n\t\t\t\t\t\t\t<\/div>\n\t\t\t\t<\/div>\n\t\t\t\t<\/div>\n\t\t<div class=\"elementor-element elementor-element-976a142 e-con-full e-flex e-con e-child\" data-id=\"976a142\" data-element_type=\"container\">\n\t\t\t\t<div class=\"elementor-element elementor-element-2bf4f94 elementor-widget elementor-widget-image\" data-id=\"2bf4f94\" data-element_type=\"widget\" data-widget_type=\"image.default\">\n\t\t\t\t<div class=\"elementor-widget-container\">\n\t\t\t\t\t\t\t\t\t\t<figure class=\"wp-caption\">\n\t\t\t\t\t\t\t\t\t\t\t<a href=\"https:\/\/ensemblecontrelesexisme.org\" target=\"_blank\">\n\t\t\t\t\t\t\t<img fetchpriority=\"high\" decoding=\"async\" width=\"300\" height=\"188\" src=\"https:\/\/www.ellesaussi.org\/wp-content\/uploads\/2024\/10\/Logo-fond-vert-300x188-1.jpg\" class=\"attachment-large size-large wp-image-603\" alt=\"\" \/>\t\t\t\t\t\t\t\t<\/a>\n\t\t\t\t\t\t\t\t\t\t\t<figcaption class=\"widget-image-caption wp-caption-text\">ensemblecontrelesexisme.org<\/figcaption>\n\t\t\t\t\t\t\t\t\t\t<\/figure>\n\t\t\t\t\t\t\t<\/div>\n\t\t\t\t<\/div>\n\t\t\t\t<\/div>\n\t\t<div class=\"elementor-element elementor-element-86496d5 e-con-full e-flex e-con e-child\" data-id=\"86496d5\" data-element_type=\"container\">\n\t\t\t\t<div class=\"elementor-element elementor-element-4ed85be elementor-widget elementor-widget-image\" data-id=\"4ed85be\" data-element_type=\"widget\" data-widget_type=\"image.default\">\n\t\t\t\t<div class=\"elementor-widget-container\">\n\t\t\t\t\t\t\t\t\t\t<figure class=\"wp-caption\">\n\t\t\t\t\t\t\t\t\t\t\t<a href=\"https:\/\/www.centre-hubertine-auclert.fr\/\" target=\"_blank\">\n\t\t\t\t\t\t\t<img decoding=\"async\" width=\"250\" height=\"366\" src=\"https:\/\/www.ellesaussi.org\/wp-content\/uploads\/2024\/10\/logo_cha_250.png\" class=\"attachment-large size-large wp-image-600\" alt=\"\" srcset=\"https:\/\/www.ellesaussi.org\/wp-content\/uploads\/2024\/10\/logo_cha_250.png 250w, https:\/\/www.ellesaussi.org\/wp-content\/uploads\/2024\/10\/logo_cha_250-205x300.png 205w\" sizes=\"(max-width: 250px) 100vw, 250px\" \/>\t\t\t\t\t\t\t\t<\/a>\n\t\t\t\t\t\t\t\t\t\t\t<figcaption class=\"widget-image-caption wp-caption-text\">www.centre-hubertine-auclert.fr<\/figcaption>\n\t\t\t\t\t\t\t\t\t\t<\/figure>\n\t\t\t\t\t\t\t<\/div>\n\t\t\t\t<\/div>\n\t\t\t\t<\/div>\n\t\t<div class=\"elementor-element elementor-element-2827027 e-con-full e-flex e-con e-child\" data-id=\"2827027\" data-element_type=\"container\">\n\t\t\t\t<div class=\"elementor-element elementor-element-84d58b7 elementor-widget elementor-widget-image\" data-id=\"84d58b7\" data-element_type=\"widget\" data-widget_type=\"image.default\">\n\t\t\t\t<div class=\"elementor-widget-container\">\n\t\t\t\t\t\t\t\t\t\t<figure class=\"wp-caption\">\n\t\t\t\t\t\t\t\t\t\t\t<a href=\"https:\/\/www.50-50magazine.fr\/\" target=\"_blank\">\n\t\t\t\t\t\t\t<img loading=\"lazy\" decoding=\"async\" width=\"800\" height=\"800\" src=\"https:\/\/www.ellesaussi.org\/wp-content\/uploads\/2024\/10\/LOGO_HORIZONTAL-1024x1024.png\" class=\"attachment-large size-large wp-image-607\" alt=\"\" srcset=\"https:\/\/www.ellesaussi.org\/wp-content\/uploads\/2024\/10\/LOGO_HORIZONTAL-1024x1024.png 1024w, https:\/\/www.ellesaussi.org\/wp-content\/uploads\/2024\/10\/LOGO_HORIZONTAL-300x300.png 300w, https:\/\/www.ellesaussi.org\/wp-content\/uploads\/2024\/10\/LOGO_HORIZONTAL-150x150.png 150w, https:\/\/www.ellesaussi.org\/wp-content\/uploads\/2024\/10\/LOGO_HORIZONTAL-768x768.png 768w, https:\/\/www.ellesaussi.org\/wp-content\/uploads\/2024\/10\/LOGO_HORIZONTAL-1536x1536.png 1536w, https:\/\/www.ellesaussi.org\/wp-content\/uploads\/2024\/10\/LOGO_HORIZONTAL-2048x2048.png 2048w, https:\/\/www.ellesaussi.org\/wp-content\/uploads\/2024\/10\/LOGO_HORIZONTAL-600x600.png 600w, https:\/\/www.ellesaussi.org\/wp-content\/uploads\/2024\/10\/LOGO_HORIZONTAL-100x100.png 100w\" sizes=\"(max-width: 800px) 100vw, 800px\" \/>\t\t\t\t\t\t\t\t<\/a>\n\t\t\t\t\t\t\t\t\t\t\t<figcaption class=\"widget-image-caption wp-caption-text\">www.50-50magazine.fr<\/figcaption>\n\t\t\t\t\t\t\t\t\t\t<\/figure>\n\t\t\t\t\t\t\t<\/div>\n\t\t\t\t<\/div>\n\t\t\t\t<\/div>\n\t\t\t\t\t<\/div>\n\t\t\t\t<\/div>\n\t\t<div class=\"elementor-element elementor-element-8012e57 e-flex e-con-boxed e-con e-parent\" data-id=\"8012e57\" data-element_type=\"container\">\n\t\t\t\t\t<div class=\"e-con-inner\">\n\t\t<div class=\"elementor-element elementor-element-d06cbeb e-con-full e-flex e-con e-child\" data-id=\"d06cbeb\" data-element_type=\"container\">\n\t\t\t\t<div class=\"elementor-element elementor-element-a891d18 elementor-widget elementor-widget-heading\" data-id=\"a891d18\" data-element_type=\"widget\" data-widget_type=\"heading.default\">\n\t\t\t\t<div class=\"elementor-widget-container\">\n\t\t\t<h5 class=\"elementor-heading-title elementor-size-default\">Elles aussi est membre associ\u00e9 de :<\/h5>\t\t<\/div>\n\t\t\t\t<\/div>\n\t\t\t\t<div class=\"elementor-element elementor-element-cb22e93 elementor-widget elementor-widget-image\" data-id=\"cb22e93\" data-element_type=\"widget\" data-widget_type=\"image.default\">\n\t\t\t\t<div class=\"elementor-widget-container\">\n\t\t\t\t\t\t\t\t\t\t<figure class=\"wp-caption\">\n\t\t\t\t\t\t\t\t\t\t\t<a href=\"https:\/\/www.haut-conseil-egalite.gouv.fr\/\" target=\"_blank\">\n\t\t\t\t\t\t\t<img loading=\"lazy\" decoding=\"async\" width=\"800\" height=\"285\" src=\"https:\/\/www.ellesaussi.org\/wp-content\/uploads\/2024\/10\/HCE_Baniere_haut-1024x365.png\" class=\"attachment-large size-large wp-image-596\" alt=\"\" srcset=\"https:\/\/www.ellesaussi.org\/wp-content\/uploads\/2024\/10\/HCE_Baniere_haut-1024x365.png 1024w, https:\/\/www.ellesaussi.org\/wp-content\/uploads\/2024\/10\/HCE_Baniere_haut-300x107.png 300w, https:\/\/www.ellesaussi.org\/wp-content\/uploads\/2024\/10\/HCE_Baniere_haut-768x274.png 768w, https:\/\/www.ellesaussi.org\/wp-content\/uploads\/2024\/10\/HCE_Baniere_haut-600x214.png 600w, https:\/\/www.ellesaussi.org\/wp-content\/uploads\/2024\/10\/HCE_Baniere_haut.png 1406w\" sizes=\"(max-width: 800px) 100vw, 800px\" \/>\t\t\t\t\t\t\t\t<\/a>\n\t\t\t\t\t\t\t\t\t\t\t<figcaption class=\"widget-image-caption wp-caption-text\">La   Commission Parit\u00e9 du Haut Conseil \u00e0 l'Egalit\u00e9 entre les femmes et les hommes<\/figcaption>\n\t\t\t\t\t\t\t\t\t\t<\/figure>\n\t\t\t\t\t\t\t<\/div>\n\t\t\t\t<\/div>\n\t\t\t\t<\/div>\n\t\t<div class=\"elementor-element elementor-element-2072d87 e-con-full e-flex e-con e-child\" data-id=\"2072d87\" data-element_type=\"container\">\n\t\t\t\t<\/div>\n\t\t<div class=\"elementor-element elementor-element-31e374b e-con-full e-flex e-con e-child\" data-id=\"31e374b\" data-element_type=\"container\">\n\t\t\t\t<\/div>\n\t\t<div class=\"elementor-element elementor-element-5b9c36a e-con-full e-flex e-con e-child\" data-id=\"5b9c36a\" data-element_type=\"container\">\n\t\t\t\t<\/div>\n\t\t\t\t\t<\/div>\n\t\t\t\t<\/div>\n\t\t\t\t<\/div>\n\t\t","protected":false},"excerpt":{"rendered":"<p>www.clef-femmes.fr ensemblecontrelesexisme.org www.centre-hubertine-auclert.fr www.50-50magazine.fr Elles aussi est membre associ\u00e9 de : La Commission Parit\u00e9 du Haut Conseil \u00e0 l&rsquo;Egalit\u00e9 entre les femmes et les hommes<\/p>\n","protected":false},"author":1,"featured_media":0,"parent":0,"menu_order":0,"comment_status":"closed","ping_status":"closed","template":"","meta":{"footnotes":""},"class_list":["post-592","page","type-page","status-publish","hentry"],"yoast_head":"<!-- This site is optimized with the Yoast SEO plugin v22.8 - https:\/\/yoast.com\/wordpress\/plugins\/seo\/ -->\n<title>Les partenaires d\u2019Elles aussi - Elles Aussi<\/title>\n<meta name=\"robots\" content=\"index, follow, max-snippet:-1, max-image-preview:large, max-video-preview:-1\" \/>\n<link rel=\"canonical\" href=\"https:\/\/www.ellesaussi.org\/?page_id=592\" \/>\n<meta property=\"og:locale\" content=\"fr_FR\" \/>\n<meta property=\"og:type\" content=\"article\" \/>\n<meta property=\"og:title\" content=\"Les partenaires d\u2019Elles aussi - Elles Aussi\" \/>\n<meta property=\"og:description\" content=\"www.clef-femmes.fr ensemblecontrelesexisme.org www.centre-hubertine-auclert.fr www.50-50magazine.fr Elles aussi est membre associ\u00e9 de : La Commission Parit\u00e9 du Haut Conseil \u00e0 l&rsquo;Egalit\u00e9 entre les femmes et les hommes\" \/>\n<meta property=\"og:url\" content=\"https:\/\/www.ellesaussi.org\/?page_id=592\" \/>\n<meta property=\"og:site_name\" content=\"Elles Aussi\" \/>\n<meta property=\"article:publisher\" content=\"https:\/\/www.facebook.com\/ellesaussi\/\" \/>\n<meta property=\"article:modified_time\" content=\"2024-10-07T15:20:18+00:00\" \/>\n<meta property=\"og:image\" content=\"https:\/\/www.ellesaussi.org\/wp-content\/uploads\/2024\/10\/logo-clef-femmes.png\" \/>\n<meta name=\"twitter:card\" content=\"summary_large_image\" \/>\n<meta name=\"twitter:label1\" content=\"Dur\u00e9e de lecture estim\u00e9e\" \/>\n\t<meta name=\"twitter:data1\" content=\"2 minutes\" \/>\n<script type=\"application\/ld+json\" class=\"yoast-schema-graph\">{\"@context\":\"https:\/\/schema.org\",\"@graph\":[{\"@type\":\"WebPage\",\"@id\":\"https:\/\/www.ellesaussi.org\/?page_id=592\",\"url\":\"https:\/\/www.ellesaussi.org\/?page_id=592\",\"name\":\"Les partenaires d\u2019Elles aussi - Elles Aussi\",\"isPartOf\":{\"@id\":\"https:\/\/www.ellesaussi.org\/#website\"},\"primaryImageOfPage\":{\"@id\":\"https:\/\/www.ellesaussi.org\/?page_id=592#primaryimage\"},\"image\":{\"@id\":\"https:\/\/www.ellesaussi.org\/?page_id=592#primaryimage\"},\"thumbnailUrl\":\"https:\/\/www.ellesaussi.org\/wp-content\/uploads\/2024\/10\/logo-clef-femmes.png\",\"datePublished\":\"2024-10-07T14:58:44+00:00\",\"dateModified\":\"2024-10-07T15:20:18+00:00\",\"breadcrumb\":{\"@id\":\"https:\/\/www.ellesaussi.org\/?page_id=592#breadcrumb\"},\"inLanguage\":\"fr-FR\",\"potentialAction\":[{\"@type\":\"ReadAction\",\"target\":[\"https:\/\/www.ellesaussi.org\/?page_id=592\"]}]},{\"@type\":\"ImageObject\",\"inLanguage\":\"fr-FR\",\"@id\":\"https:\/\/www.ellesaussi.org\/?page_id=592#primaryimage\",\"url\":\"https:\/\/www.ellesaussi.org\/wp-content\/uploads\/2024\/10\/logo-clef-femmes.png\",\"contentUrl\":\"https:\/\/www.ellesaussi.org\/wp-content\/uploads\/2024\/10\/logo-clef-femmes.png\",\"width\":250,\"height\":150},{\"@type\":\"BreadcrumbList\",\"@id\":\"https:\/\/www.ellesaussi.org\/?page_id=592#breadcrumb\",\"itemListElement\":[{\"@type\":\"ListItem\",\"position\":1,\"name\":\"Accueil\",\"item\":\"https:\/\/www.ellesaussi.org\/\"},{\"@type\":\"ListItem\",\"position\":2,\"name\":\"Les partenaires d\u2019Elles aussi\"}]},{\"@type\":\"WebSite\",\"@id\":\"https:\/\/www.ellesaussi.org\/#website\",\"url\":\"https:\/\/www.ellesaussi.org\/\",\"name\":\"Elles Aussi\",\"description\":\"\",\"publisher\":{\"@id\":\"https:\/\/www.ellesaussi.org\/#organization\"},\"potentialAction\":[{\"@type\":\"SearchAction\",\"target\":{\"@type\":\"EntryPoint\",\"urlTemplate\":\"https:\/\/www.ellesaussi.org\/?s={search_term_string}\"},\"query-input\":\"required name=search_term_string\"}],\"inLanguage\":\"fr-FR\"},{\"@type\":\"Organization\",\"@id\":\"https:\/\/www.ellesaussi.org\/#organization\",\"name\":\"Elles Aussi\",\"url\":\"https:\/\/www.ellesaussi.org\/\",\"logo\":{\"@type\":\"ImageObject\",\"inLanguage\":\"fr-FR\",\"@id\":\"https:\/\/www.ellesaussi.org\/#\/schema\/logo\/image\/\",\"url\":\"https:\/\/www.ellesaussi.org\/wp-content\/uploads\/2024\/05\/Elles-aussi_logotype_rouge.png\",\"contentUrl\":\"https:\/\/www.ellesaussi.org\/wp-content\/uploads\/2024\/05\/Elles-aussi_logotype_rouge.png\",\"width\":3472,\"height\":2480,\"caption\":\"Elles Aussi\"},\"image\":{\"@id\":\"https:\/\/www.ellesaussi.org\/#\/schema\/logo\/image\/\"},\"sameAs\":[\"https:\/\/www.facebook.com\/ellesaussi\/\"]}]}<\/script>\n<!-- \/ Yoast SEO plugin. -->","yoast_head_json":{"title":"Les partenaires d\u2019Elles aussi - Elles Aussi","robots":{"index":"index","follow":"follow","max-snippet":"max-snippet:-1","max-image-preview":"max-image-preview:large","max-video-preview":"max-video-preview:-1"},"canonical":"https:\/\/www.ellesaussi.org\/?page_id=592","og_locale":"fr_FR","og_type":"article","og_title":"Les partenaires d\u2019Elles aussi - Elles Aussi","og_description":"www.clef-femmes.fr ensemblecontrelesexisme.org www.centre-hubertine-auclert.fr www.50-50magazine.fr Elles aussi est membre associ\u00e9 de : La Commission Parit\u00e9 du Haut Conseil \u00e0 l&rsquo;Egalit\u00e9 entre les femmes et les hommes","og_url":"https:\/\/www.ellesaussi.org\/?page_id=592","og_site_name":"Elles Aussi","article_publisher":"https:\/\/www.facebook.com\/ellesaussi\/","article_modified_time":"2024-10-07T15:20:18+00:00","og_image":[{"url":"https:\/\/www.ellesaussi.org\/wp-content\/uploads\/2024\/10\/logo-clef-femmes.png"}],"twitter_card":"summary_large_image","twitter_misc":{"Dur\u00e9e de lecture estim\u00e9e":"2 minutes"},"schema":{"@context":"https:\/\/schema.org","@graph":[{"@type":"WebPage","@id":"https:\/\/www.ellesaussi.org\/?page_id=592","url":"https:\/\/www.ellesaussi.org\/?page_id=592","name":"Les partenaires d\u2019Elles aussi - Elles Aussi","isPartOf":{"@id":"https:\/\/www.ellesaussi.org\/#website"},"primaryImageOfPage":{"@id":"https:\/\/www.ellesaussi.org\/?page_id=592#primaryimage"},"image":{"@id":"https:\/\/www.ellesaussi.org\/?page_id=592#primaryimage"},"thumbnailUrl":"https:\/\/www.ellesaussi.org\/wp-content\/uploads\/2024\/10\/logo-clef-femmes.png","datePublished":"2024-10-07T14:58:44+00:00","dateModified":"2024-10-07T15:20:18+00:00","breadcrumb":{"@id":"https:\/\/www.ellesaussi.org\/?page_id=592#breadcrumb"},"inLanguage":"fr-FR","potentialAction":[{"@type":"ReadAction","target":["https:\/\/www.ellesaussi.org\/?page_id=592"]}]},{"@type":"ImageObject","inLanguage":"fr-FR","@id":"https:\/\/www.ellesaussi.org\/?page_id=592#primaryimage","url":"https:\/\/www.ellesaussi.org\/wp-content\/uploads\/2024\/10\/logo-clef-femmes.png","contentUrl":"https:\/\/www.ellesaussi.org\/wp-content\/uploads\/2024\/10\/logo-clef-femmes.png","width":250,"height":150},{"@type":"BreadcrumbList","@id":"https:\/\/www.ellesaussi.org\/?page_id=592#breadcrumb","itemListElement":[{"@type":"ListItem","position":1,"name":"Accueil","item":"https:\/\/www.ellesaussi.org\/"},{"@type":"ListItem","position":2,"name":"Les partenaires d\u2019Elles aussi"}]},{"@type":"WebSite","@id":"https:\/\/www.ellesaussi.org\/#website","url":"https:\/\/www.ellesaussi.org\/","name":"Elles Aussi","description":"","publisher":{"@id":"https:\/\/www.ellesaussi.org\/#organization"},"potentialAction":[{"@type":"SearchAction","target":{"@type":"EntryPoint","urlTemplate":"https:\/\/www.ellesaussi.org\/?s={search_term_string}"},"query-input":"required name=search_term_string"}],"inLanguage":"fr-FR"},{"@type":"Organization","@id":"https:\/\/www.ellesaussi.org\/#organization","name":"Elles Aussi","url":"https:\/\/www.ellesaussi.org\/","logo":{"@type":"ImageObject","inLanguage":"fr-FR","@id":"https:\/\/www.ellesaussi.org\/#\/schema\/logo\/image\/","url":"https:\/\/www.ellesaussi.org\/wp-content\/uploads\/2024\/05\/Elles-aussi_logotype_rouge.png","contentUrl":"https:\/\/www.ellesaussi.org\/wp-content\/uploads\/2024\/05\/Elles-aussi_logotype_rouge.png","width":3472,"height":2480,"caption":"Elles Aussi"},"image":{"@id":"https:\/\/www.ellesaussi.org\/#\/schema\/logo\/image\/"},"sameAs":["https:\/\/www.facebook.com\/ellesaussi\/"]}]}},"_links":{"self":[{"href":"https:\/\/www.ellesaussi.org\/index.php?rest_route=\/wp\/v2\/pages\/592","targetHints":{"allow":["GET"]}}],"collection":[{"href":"https:\/\/www.ellesaussi.org\/index.php?rest_route=\/wp\/v2\/pages"}],"about":[{"href":"https:\/\/www.ellesaussi.org\/index.php?rest_route=\/wp\/v2\/types\/page"}],"author":[{"embeddable":true,"href":"https:\/\/www.ellesaussi.org\/index.php?rest_route=\/wp\/v2\/users\/1"}],"replies":[{"embeddable":true,"href":"https:\/\/www.ellesaussi.org\/index.php?rest_route=%2Fwp%2Fv2%2Fcomments&post=592"}],"version-history":[{"count":10,"href":"https:\/\/www.ellesaussi.org\/index.php?rest_route=\/wp\/v2\/pages\/592\/revisions"}],"predecessor-version":[{"id":611,"href":"https:\/\/www.ellesaussi.org\/index.php?rest_route=\/wp\/v2\/pages\/592\/revisions\/611"}],"wp:attachment":[{"href":"https:\/\/www.ellesaussi.org\/index.php?rest_route=%2Fwp%2Fv2%2Fmedia&parent=592"}],"curies":[{"name":"wp","href":"https:\/\/api.w.org\/{rel}","templated":true}]}}