{"id":236,"date":"2024-05-29T09:29:53","date_gmt":"2024-05-29T07:29:53","guid":{"rendered":"https:\/\/elles129186.webdb78.lwspanel.com\/?page_id=236"},"modified":"2025-09-22T11:26:45","modified_gmt":"2025-09-22T09:26:45","slug":"le-reseau","status":"publish","type":"page","link":"https:\/\/www.ellesaussi.org\/?page_id=236","title":{"rendered":"Le r\u00e9seau"},"content":{"rendered":"\t\t<div data-elementor-type=\"wp-page\" data-elementor-id=\"236\" class=\"elementor elementor-236\" data-elementor-post-type=\"page\">\n\t\t\t\t\t\t<section class=\"elementor-section elementor-top-section elementor-element elementor-element-6f607a64 elementor-section-height-min-height elementor-section-boxed elementor-section-height-default elementor-section-items-middle\" data-id=\"6f607a64\" data-element_type=\"section\" data-settings=\"{&quot;background_background&quot;:&quot;classic&quot;}\">\n\t\t\t\t\t\t\t<div class=\"elementor-background-overlay\"><\/div>\n\t\t\t\t\t\t\t<div class=\"elementor-container elementor-column-gap-no\">\n\t\t\t\t\t<div class=\"elementor-column elementor-col-100 elementor-top-column elementor-element elementor-element-4e8c5353\" data-id=\"4e8c5353\" data-element_type=\"column\" data-settings=\"{&quot;background_background&quot;:&quot;classic&quot;}\">\n\t\t\t<div class=\"elementor-widget-wrap elementor-element-populated\">\n\t\t\t\t\t\t<div class=\"elementor-element elementor-element-3740643a elementor-widget elementor-widget-heading\" data-id=\"3740643a\" data-element_type=\"widget\" data-widget_type=\"heading.default\">\n\t\t\t\t<div class=\"elementor-widget-container\">\n\t\t\t<h1 class=\"elementor-heading-title elementor-size-default\">Le r\u00e9seau<\/h1>\t\t<\/div>\n\t\t\t\t<\/div>\n\t\t\t\t\t<\/div>\n\t\t<\/div>\n\t\t\t\t\t<\/div>\n\t\t<\/section>\n\t\t<div class=\"elementor-element elementor-element-e7b3447 e-flex e-con-boxed e-con e-parent\" data-id=\"e7b3447\" data-element_type=\"container\">\n\t\t\t\t\t<div class=\"e-con-inner\">\n\t\t\t\t<div class=\"elementor-element elementor-element-0508eea elementor-widget elementor-widget-text-editor\" data-id=\"0508eea\" data-element_type=\"widget\" data-widget_type=\"text-editor.default\">\n\t\t\t\t<div class=\"elementor-widget-container\">\n\t\t\t\t\t\t\t<p>Elles aussi est un r\u00e9seau pluraliste d\u2019associations de femmes d\u2019origines tr\u00e8s diverses, au rayonnement \u00e0 la fois national et r\u00e9gional, se rassemblant autour d\u2019un objectif commun : <strong>la parit\u00e9 dans toutes les instances \u00e9lues<\/strong><\/p>\t\t\t\t\t\t<\/div>\n\t\t\t\t<\/div>\n\t\t\t\t\t<\/div>\n\t\t\t\t<\/div>\n\t\t<div class=\"elementor-element elementor-element-e0a0900 e-flex e-con-boxed e-con e-parent\" data-id=\"e0a0900\" data-element_type=\"container\">\n\t\t\t\t\t<div class=\"e-con-inner\">\n\t\t<div class=\"elementor-element elementor-element-f4fcc6d e-con-full e-flex e-con e-child\" data-id=\"f4fcc6d\" data-element_type=\"container\">\n\t\t\t\t<div class=\"elementor-element elementor-element-daae838 elementor-widget elementor-widget-text-editor\" data-id=\"daae838\" data-element_type=\"widget\" data-widget_type=\"text-editor.default\">\n\t\t\t\t<div class=\"elementor-widget-container\">\n\t\t\t\t\t\t\t<h5 class=\"art-postheader\" style=\"text-align: center;\">Les associations<\/h5><p><a href=\"http:\/\/www.femmesdalsace.fr\/\" target=\"_blank\" rel=\"noopener\"><img decoding=\"async\" class=\"alignleft\" src=\"https:\/\/www.ellesaussi.org\/images\/fals.png\" alt=\"\" width=\"100\" height=\"65\" border=\"0\" \/><\/a><a href=\"http:\/\/www.femmesdalsace.fr\/\" target=\"_blank\" rel=\"noopener\">Femmes d&rsquo;Alsace\u00a0 <\/a>(association fondatrice)<br \/>Christelle Lehry <a href=\"mailto:christelle.lehry@grandest.fr\" target=\"_blank\" rel=\"noopener\">christelle.lehry@grandest.fr<\/a><br \/>Gis\u00e8le Bourcart<span id=\"cloak9802\"><a href=\"mailto:giselebourcart@hotmail.com\" target=\"_blank\" rel=\"noopener\"> giselebourcart@hotmail.com<\/a><\/span><\/p><p><a href=\"http:\/\/actioncatholiquedesfemmes.org\/\" target=\"_blank\" rel=\"noopener\"><img decoding=\"async\" class=\"alignleft\" src=\"https:\/\/www.ellesaussi.org\/images\/acf.png\" width=\"100\" height=\"70\" border=\"0\" \/><\/a><a href=\"https:\/\/actioncatholiquedesfemmes.org\/\" target=\"_blank\" rel=\"noopener\">Action Catholique des Femmes\u00a0<\/a> (association fondatrice)<br \/><a href=\"mailto:national@actioncatholiquedesfemmes.org\" target=\"_blank\" rel=\"noopener\">national@actioncatholiquedesfemmes.org<\/a><br \/>Brigitte Fayard <a href=\"mailto:presidenteacfparis@gmail.com\" target=\"_blank\" rel=\"noopener\">presidenteacfparis@gmail.com<\/a><br \/>V\u00e9ronique Genelle <a href=\"mailto:presse_vero.genelle@hotmail.fr\" target=\"_blank\" rel=\"noopener\">presse_vero.genelle@hotmail.fr<\/a><\/p><p><a href=\"http:\/\/www.alliancedesfemmes.fr\/\" target=\"_blank\" rel=\"noopener\"><img decoding=\"async\" class=\"alignleft\" src=\"https:\/\/www.ellesaussi.org\/images\/afd.jpg\" width=\"100\" height=\"18\" border=\"0\" \/>Alliance des Femmes pour la d\u00e9mocratie<\/a><br \/>(association fondatrice)<br \/><a href=\"mailto:afd@alliancedesfemmes.fr\" target=\"_blank\" rel=\"noopener\">afd@alliancedesfemmes.fr<\/a> Elisabeth Nicoli <a href=\"mailto:nicoli.elisabeth@orange.fr\" target=\"_blank\" rel=\"noopener\">nicoli.elisabeth@orange.fr<\/a> Christine Villeneuve <a href=\"mailto:villeneuve.christine2@orange.fr\" target=\"_blank\" rel=\"noopener\">villeneuve.christine2@orange.fr<\/a><\/p><p><a href=\"https:\/\/iledefrance.famillesrurales.org\/\" target=\"_blank\" rel=\"noopener\">FR-UFCS Ile de France<\/a>\u00a0 (association fondatrice)<br \/>Anne GBIORCZYK<span id=\"cloak99434\"><a href=\"mailto:anne.gbiorczyk@famillesrurales.org\" target=\"_blank\" rel=\"noopener\"> anne.gbiorczyk@famillesrurales.org<\/a><\/span><\/p><p><img loading=\"lazy\" decoding=\"async\" src=\"https:\/\/www.ellesaussi.org\/images\/logo-FEM.jpg\" width=\"100\" height=\"37\" border=\"0\" \/>Femmes et \u00e9lues de la Manche<br \/>Juliette Hurlot <a href=\"mailto:juliette.hurlot@gmail.com\" target=\"_blank\" rel=\"noopener\">juliette.hurlot@gmail.com<\/a><br \/>Isabelle Bouyer-Maupas <a href=\"mailto:isabelle.bouyer-maupas@manche.fr\" target=\"_blank\" rel=\"noopener\">isabelle.bouyer-maupas@manche.fr<\/a><\/p><p><img loading=\"lazy\" decoding=\"async\" class=\"alignleft\" src=\"https:\/\/www.ellesaussi.org\/images\/afei.jpg\" width=\"100\" height=\"35\" border=\"0\" \/><\/p><p><a href=\"https:\/\/www.afei38.fr\/\" target=\"_blank\" rel=\"noopener\">Femmes \u00c9lues de l\u2019Is\u00e8re<\/a><br \/>Brigitte Perilli\u00e9 <a href=\"mailto:afei38@orange.fr\" target=\"_blank\" rel=\"noopener\">afei38@orange.fr<\/a><br \/>Nathalie B\u00e9ranger <a href=\"mailto:nathalie.beranger@isere.fr\" target=\"_blank\" rel=\"noopener\">nathalie.beranger@isere.fr<\/a><\/p><p>EluEs de l\u2019Ard\u00e8che<br \/>Pascale TOLFO, Co-pr\u00e9sidente <a href=\"mailto:pascale.tolfo@mairie-le-teil.fr\" target=\"_blank\" rel=\"noopener\">pascale.tolfo@mairie-le-teil.fr<\/a><br \/>Marie-Jo Laussel <a href=\"mailto:mjlaussel@hotmail.fr\" target=\"_blank\" rel=\"noopener\">mjlaussel@hotmail.fr<\/a><\/p>\t\t\t\t\t\t<\/div>\n\t\t\t\t<\/div>\n\t\t\t\t<\/div>\n\t\t<div class=\"elementor-element elementor-element-2d942c7 e-con-full e-flex e-con e-child\" data-id=\"2d942c7\" data-element_type=\"container\">\n\t\t\t\t<div class=\"elementor-element elementor-element-24757e7 elementor-widget elementor-widget-text-editor\" data-id=\"24757e7\" data-element_type=\"widget\" data-widget_type=\"text-editor.default\">\n\t\t\t\t<div class=\"elementor-widget-container\">\n\t\t\t\t\t\t\t<h5 class=\"art-postheader\" style=\"text-align: center;\">Les antennes dans les territoires<\/h5><p style=\"text-align: center;\">Les adh\u00e9rentes peuvent \u00eatre individuelles ou venir d\u2019associations partenaires.<\/p><p style=\"text-align: center;\"><strong>Auvergne Rh\u00f4ne Alpes<\/strong><br \/>Reine Lepinay<br \/><a href=\"mailto:reinelepinay@free.fr\">reinelepinay@free.fr<\/a><br \/>Patricia Delouis<br \/><a href=\"mailto:patricia.delouis@orange.fr\" target=\"_blank\" rel=\"noopener\">patricia.delouis@orange.fr<\/a><\/p><p style=\"text-align: center;\"><strong>Hauts de France<\/strong><br \/>V\u00e9ronique Genelle<br \/><a href=\"mailto:ellesaussi5962@gmail.com\" target=\"_blank\" rel=\"noopener\">ellesaussi5962@gmail.com<\/a><br \/>Martine Simon<br \/><a href=\"mailto:martine.simon@englos.fr\" target=\"_blank\" rel=\"noopener\">martine.simon@englos.fr<\/a><\/p><p style=\"text-align: center;\"><strong>\u00cele-de-France<\/strong><br \/>Armelle Danet<br \/><a href=\"mailto:ellesaussi.yvelines@orange.fr\">ellesaussi.yvelines@orange.fr<\/a><u><br \/><\/u>Martine Fayolle<br \/><a href=\"mailto:martine.fayolle78@orange.fr\" target=\"_blank\" rel=\"noopener\">martine.fayolle78@orange.fr<\/a><\/p><p style=\"text-align: center;\"><strong>Centre Val de Loire<\/strong><br \/>Dani\u00e8le Bouchoule<br \/><a href=\"mailto:ellesaussi45@wanadoo.fr\" target=\"_blank\" rel=\"noopener\">ellesaussi45@wanadoo.fr<\/a><br \/>Ga\u00eblle Lahoreau<br \/><a href=\"mailto:gaelle.lahoreau@gmail.com\" target=\"_blank\" rel=\"noopener\">gaelle.lahoreau@gmail.com<\/a><\/p><p style=\"text-align: center;\"><strong>Occitanie<br \/><\/strong><span id=\"cloak47297\"><\/span>Bernadette Guery <br \/><a href=\"mailto:bernadettegy31@gmail.com\" target=\"_blank\" rel=\"noopener\">bernadettegy31@gmail.com<\/a><br \/>Sophie Revillier<br \/><a href=\"mailto:sophie.revillier@gmail.com\">sophie.revillier@gmail.com<\/a><\/p>\t\t\t\t\t\t<\/div>\n\t\t\t\t<\/div>\n\t\t\t\t<\/div>\n\t\t\t\t\t<\/div>\n\t\t\t\t<\/div>\n\t\t\t\t<\/div>\n\t\t","protected":false},"excerpt":{"rendered":"<p>Le r\u00e9seau Elles aussi est un r\u00e9seau pluraliste d\u2019associations de femmes d\u2019origines tr\u00e8s diverses, au rayonnement \u00e0 la fois national et r\u00e9gional, se rassemblant autour d\u2019un objectif commun : la parit\u00e9 dans toutes les instances \u00e9lues Les associations Femmes d&rsquo;Alsace\u00a0 (association fondatrice)Christelle Lehry christelle.lehry@grandest.frGis\u00e8le Bourcart giselebourcart@hotmail.com Action Catholique des Femmes\u00a0 (association fondatrice)national@actioncatholiquedesfemmes.orgBrigitte Fayard presidenteacfparis@gmail.comV\u00e9ronique Genelle [&hellip;]<\/p>\n","protected":false},"author":1,"featured_media":0,"parent":0,"menu_order":0,"comment_status":"closed","ping_status":"closed","template":"elementor_header_footer","meta":{"footnotes":""},"class_list":["post-236","page","type-page","status-publish","hentry"],"yoast_head":"<!-- This site is optimized with the Yoast SEO plugin v22.8 - https:\/\/yoast.com\/wordpress\/plugins\/seo\/ -->\n<title>Le r\u00e9seau - Elles Aussi<\/title>\n<meta name=\"robots\" content=\"index, follow, max-snippet:-1, max-image-preview:large, max-video-preview:-1\" \/>\n<link rel=\"canonical\" href=\"https:\/\/www.ellesaussi.org\/?page_id=236\" \/>\n<meta property=\"og:locale\" content=\"fr_FR\" \/>\n<meta property=\"og:type\" content=\"article\" \/>\n<meta property=\"og:title\" content=\"Le r\u00e9seau - Elles Aussi\" \/>\n<meta property=\"og:description\" content=\"Le r\u00e9seau Elles aussi est un r\u00e9seau pluraliste d\u2019associations de femmes d\u2019origines tr\u00e8s diverses, au rayonnement \u00e0 la fois national et r\u00e9gional, se rassemblant autour d\u2019un objectif commun : la parit\u00e9 dans toutes les instances \u00e9lues Les associations Femmes d&rsquo;Alsace\u00a0 (association fondatrice)Christelle Lehry christelle.lehry@grandest.frGis\u00e8le Bourcart giselebourcart@hotmail.com Action Catholique des Femmes\u00a0 (association fondatrice)national@actioncatholiquedesfemmes.orgBrigitte Fayard presidenteacfparis@gmail.comV\u00e9ronique Genelle [&hellip;]\" \/>\n<meta property=\"og:url\" content=\"https:\/\/www.ellesaussi.org\/?page_id=236\" \/>\n<meta property=\"og:site_name\" content=\"Elles Aussi\" \/>\n<meta property=\"article:publisher\" content=\"https:\/\/www.facebook.com\/ellesaussi\/\" \/>\n<meta property=\"article:modified_time\" content=\"2025-09-22T09:26:45+00:00\" \/>\n<meta property=\"og:image\" content=\"https:\/\/www.ellesaussi.org\/images\/fals.png\" \/>\n<meta name=\"twitter:card\" content=\"summary_large_image\" \/>\n<meta name=\"twitter:label1\" content=\"Dur\u00e9e de lecture estim\u00e9e\" \/>\n\t<meta name=\"twitter:data1\" content=\"2 minutes\" \/>\n<script type=\"application\/ld+json\" class=\"yoast-schema-graph\">{\"@context\":\"https:\/\/schema.org\",\"@graph\":[{\"@type\":\"WebPage\",\"@id\":\"https:\/\/www.ellesaussi.org\/?page_id=236\",\"url\":\"https:\/\/www.ellesaussi.org\/?page_id=236\",\"name\":\"Le r\u00e9seau - Elles Aussi\",\"isPartOf\":{\"@id\":\"https:\/\/www.ellesaussi.org\/#website\"},\"primaryImageOfPage\":{\"@id\":\"https:\/\/www.ellesaussi.org\/?page_id=236#primaryimage\"},\"image\":{\"@id\":\"https:\/\/www.ellesaussi.org\/?page_id=236#primaryimage\"},\"thumbnailUrl\":\"https:\/\/www.ellesaussi.org\/images\/fals.png\",\"datePublished\":\"2024-05-29T07:29:53+00:00\",\"dateModified\":\"2025-09-22T09:26:45+00:00\",\"breadcrumb\":{\"@id\":\"https:\/\/www.ellesaussi.org\/?page_id=236#breadcrumb\"},\"inLanguage\":\"fr-FR\",\"potentialAction\":[{\"@type\":\"ReadAction\",\"target\":[\"https:\/\/www.ellesaussi.org\/?page_id=236\"]}]},{\"@type\":\"ImageObject\",\"inLanguage\":\"fr-FR\",\"@id\":\"https:\/\/www.ellesaussi.org\/?page_id=236#primaryimage\",\"url\":\"https:\/\/www.ellesaussi.org\/images\/fals.png\",\"contentUrl\":\"https:\/\/www.ellesaussi.org\/images\/fals.png\"},{\"@type\":\"BreadcrumbList\",\"@id\":\"https:\/\/www.ellesaussi.org\/?page_id=236#breadcrumb\",\"itemListElement\":[{\"@type\":\"ListItem\",\"position\":1,\"name\":\"Accueil\",\"item\":\"https:\/\/www.ellesaussi.org\/\"},{\"@type\":\"ListItem\",\"position\":2,\"name\":\"Le r\u00e9seau\"}]},{\"@type\":\"WebSite\",\"@id\":\"https:\/\/www.ellesaussi.org\/#website\",\"url\":\"https:\/\/www.ellesaussi.org\/\",\"name\":\"Elles Aussi\",\"description\":\"\",\"publisher\":{\"@id\":\"https:\/\/www.ellesaussi.org\/#organization\"},\"potentialAction\":[{\"@type\":\"SearchAction\",\"target\":{\"@type\":\"EntryPoint\",\"urlTemplate\":\"https:\/\/www.ellesaussi.org\/?s={search_term_string}\"},\"query-input\":\"required name=search_term_string\"}],\"inLanguage\":\"fr-FR\"},{\"@type\":\"Organization\",\"@id\":\"https:\/\/www.ellesaussi.org\/#organization\",\"name\":\"Elles Aussi\",\"url\":\"https:\/\/www.ellesaussi.org\/\",\"logo\":{\"@type\":\"ImageObject\",\"inLanguage\":\"fr-FR\",\"@id\":\"https:\/\/www.ellesaussi.org\/#\/schema\/logo\/image\/\",\"url\":\"https:\/\/www.ellesaussi.org\/wp-content\/uploads\/2024\/05\/Elles-aussi_logotype_rouge.png\",\"contentUrl\":\"https:\/\/www.ellesaussi.org\/wp-content\/uploads\/2024\/05\/Elles-aussi_logotype_rouge.png\",\"width\":3472,\"height\":2480,\"caption\":\"Elles Aussi\"},\"image\":{\"@id\":\"https:\/\/www.ellesaussi.org\/#\/schema\/logo\/image\/\"},\"sameAs\":[\"https:\/\/www.facebook.com\/ellesaussi\/\"]}]}<\/script>\n<!-- \/ Yoast SEO plugin. -->","yoast_head_json":{"title":"Le r\u00e9seau - Elles Aussi","robots":{"index":"index","follow":"follow","max-snippet":"max-snippet:-1","max-image-preview":"max-image-preview:large","max-video-preview":"max-video-preview:-1"},"canonical":"https:\/\/www.ellesaussi.org\/?page_id=236","og_locale":"fr_FR","og_type":"article","og_title":"Le r\u00e9seau - Elles Aussi","og_description":"Le r\u00e9seau Elles aussi est un r\u00e9seau pluraliste d\u2019associations de femmes d\u2019origines tr\u00e8s diverses, au rayonnement \u00e0 la fois national et r\u00e9gional, se rassemblant autour d\u2019un objectif commun : la parit\u00e9 dans toutes les instances \u00e9lues Les associations Femmes d&rsquo;Alsace\u00a0 (association fondatrice)Christelle Lehry christelle.lehry@grandest.frGis\u00e8le Bourcart giselebourcart@hotmail.com Action Catholique des Femmes\u00a0 (association fondatrice)national@actioncatholiquedesfemmes.orgBrigitte Fayard presidenteacfparis@gmail.comV\u00e9ronique Genelle [&hellip;]","og_url":"https:\/\/www.ellesaussi.org\/?page_id=236","og_site_name":"Elles Aussi","article_publisher":"https:\/\/www.facebook.com\/ellesaussi\/","article_modified_time":"2025-09-22T09:26:45+00:00","og_image":[{"url":"https:\/\/www.ellesaussi.org\/images\/fals.png"}],"twitter_card":"summary_large_image","twitter_misc":{"Dur\u00e9e de lecture estim\u00e9e":"2 minutes"},"schema":{"@context":"https:\/\/schema.org","@graph":[{"@type":"WebPage","@id":"https:\/\/www.ellesaussi.org\/?page_id=236","url":"https:\/\/www.ellesaussi.org\/?page_id=236","name":"Le r\u00e9seau - Elles Aussi","isPartOf":{"@id":"https:\/\/www.ellesaussi.org\/#website"},"primaryImageOfPage":{"@id":"https:\/\/www.ellesaussi.org\/?page_id=236#primaryimage"},"image":{"@id":"https:\/\/www.ellesaussi.org\/?page_id=236#primaryimage"},"thumbnailUrl":"https:\/\/www.ellesaussi.org\/images\/fals.png","datePublished":"2024-05-29T07:29:53+00:00","dateModified":"2025-09-22T09:26:45+00:00","breadcrumb":{"@id":"https:\/\/www.ellesaussi.org\/?page_id=236#breadcrumb"},"inLanguage":"fr-FR","potentialAction":[{"@type":"ReadAction","target":["https:\/\/www.ellesaussi.org\/?page_id=236"]}]},{"@type":"ImageObject","inLanguage":"fr-FR","@id":"https:\/\/www.ellesaussi.org\/?page_id=236#primaryimage","url":"https:\/\/www.ellesaussi.org\/images\/fals.png","contentUrl":"https:\/\/www.ellesaussi.org\/images\/fals.png"},{"@type":"BreadcrumbList","@id":"https:\/\/www.ellesaussi.org\/?page_id=236#breadcrumb","itemListElement":[{"@type":"ListItem","position":1,"name":"Accueil","item":"https:\/\/www.ellesaussi.org\/"},{"@type":"ListItem","position":2,"name":"Le r\u00e9seau"}]},{"@type":"WebSite","@id":"https:\/\/www.ellesaussi.org\/#website","url":"https:\/\/www.ellesaussi.org\/","name":"Elles Aussi","description":"","publisher":{"@id":"https:\/\/www.ellesaussi.org\/#organization"},"potentialAction":[{"@type":"SearchAction","target":{"@type":"EntryPoint","urlTemplate":"https:\/\/www.ellesaussi.org\/?s={search_term_string}"},"query-input":"required name=search_term_string"}],"inLanguage":"fr-FR"},{"@type":"Organization","@id":"https:\/\/www.ellesaussi.org\/#organization","name":"Elles Aussi","url":"https:\/\/www.ellesaussi.org\/","logo":{"@type":"ImageObject","inLanguage":"fr-FR","@id":"https:\/\/www.ellesaussi.org\/#\/schema\/logo\/image\/","url":"https:\/\/www.ellesaussi.org\/wp-content\/uploads\/2024\/05\/Elles-aussi_logotype_rouge.png","contentUrl":"https:\/\/www.ellesaussi.org\/wp-content\/uploads\/2024\/05\/Elles-aussi_logotype_rouge.png","width":3472,"height":2480,"caption":"Elles Aussi"},"image":{"@id":"https:\/\/www.ellesaussi.org\/#\/schema\/logo\/image\/"},"sameAs":["https:\/\/www.facebook.com\/ellesaussi\/"]}]}},"_links":{"self":[{"href":"https:\/\/www.ellesaussi.org\/index.php?rest_route=\/wp\/v2\/pages\/236","targetHints":{"allow":["GET"]}}],"collection":[{"href":"https:\/\/www.ellesaussi.org\/index.php?rest_route=\/wp\/v2\/pages"}],"about":[{"href":"https:\/\/www.ellesaussi.org\/index.php?rest_route=\/wp\/v2\/types\/page"}],"author":[{"embeddable":true,"href":"https:\/\/www.ellesaussi.org\/index.php?rest_route=\/wp\/v2\/users\/1"}],"replies":[{"embeddable":true,"href":"https:\/\/www.ellesaussi.org\/index.php?rest_route=%2Fwp%2Fv2%2Fcomments&post=236"}],"version-history":[{"count":59,"href":"https:\/\/www.ellesaussi.org\/index.php?rest_route=\/wp\/v2\/pages\/236\/revisions"}],"predecessor-version":[{"id":3743,"href":"https:\/\/www.ellesaussi.org\/index.php?rest_route=\/wp\/v2\/pages\/236\/revisions\/3743"}],"wp:attachment":[{"href":"https:\/\/www.ellesaussi.org\/index.php?rest_route=%2Fwp%2Fv2%2Fmedia&parent=236"}],"curies":[{"name":"wp","href":"https:\/\/api.w.org\/{rel}","templated":true}]}}