{"id":1693,"date":"2024-11-01T18:18:03","date_gmt":"2024-11-01T17:18:03","guid":{"rendered":"https:\/\/elles129186.webdb78.lwspanel.com\/?page_id=1693"},"modified":"2025-04-09T16:34:17","modified_gmt":"2025-04-09T14:34:17","slug":"colloque-sur-le-statut-de-lelu-e-local-e","status":"publish","type":"page","link":"https:\/\/www.ellesaussi.org\/?page_id=1693","title":{"rendered":"Colloque sur le statut de l\u2019\u00e9lu-e local-e"},"content":{"rendered":"\t\t<div data-elementor-type=\"wp-page\" data-elementor-id=\"1693\" class=\"elementor elementor-1693\" data-elementor-post-type=\"page\">\n\t\t\t\t<div class=\"elementor-element elementor-element-18bf190 e-flex e-con-boxed e-con e-parent\" data-id=\"18bf190\" data-element_type=\"container\">\n\t\t\t\t\t<div class=\"e-con-inner\">\n\t\t\t\t<div class=\"elementor-element elementor-element-4d223c3 elementor-widget elementor-widget-heading\" data-id=\"4d223c3\" data-element_type=\"widget\" data-widget_type=\"heading.default\">\n\t\t\t\t<div class=\"elementor-widget-container\">\n\t\t\t<h4 class=\"elementor-heading-title elementor-size-default\">Quelle d\u00e9mocratie locale voulons-nous ?<\/br>\nLe statut de l\u2019\u00e9lu-e local-e en questions<\/h4>\t\t<\/div>\n\t\t\t\t<\/div>\n\t\t\t\t\t<\/div>\n\t\t\t\t<\/div>\n\t\t<div class=\"elementor-element elementor-element-3a03be9 e-grid e-con-boxed e-con e-parent\" data-id=\"3a03be9\" data-element_type=\"container\">\n\t\t\t\t\t<div class=\"e-con-inner\">\n\t\t\t\t<div class=\"elementor-element elementor-element-cec968e elementor-widget elementor-widget-text-editor\" data-id=\"cec968e\" data-element_type=\"widget\" data-widget_type=\"text-editor.default\">\n\t\t\t\t<div class=\"elementor-widget-container\">\n\t\t\t\t\t\t\t<p><strong>Le 10 octobre 2014,\u00a0<\/strong>\u00a0H\u00f4tel de r\u00e9gion Rh\u00f4ne-Alpes \u00e0 Lyon<\/p><p>Dans la continuit\u00e9 du travail engag\u00e9 depuis 20 ans, pour susciter et accompagner l\u2019acc\u00e8s des femmes \u00e0 la repr\u00e9sentation politique, en dehors des appartenances partisanes et au plus pr\u00e8s des r\u00e9alit\u00e9s de leurs vies, le r\u00e9seau\u00a0<em>Elles aussi<\/em> a organis\u00e9 un colloque d\u2019une demi-journ\u00e9e. Ce colloque, pens\u00e9 \u00e0 partir de l\u2019exp\u00e9rience de femmes \u00e9lues, a voulu provoquer une r\u00e9flexion la plus ouverte possible en vue d\u2019am\u00e9liorer la situation de l\u2019\u00e9lu-\u00ace local\u2010e.<\/p><p>Pour son organisation\u00a0<em>Elles aussi<\/em>\u00a0s\u2019est appuy\u00e9e\u00a0 sur les associations du r\u00e9seau actives localement : l\u2019antenne\u00a0<em>Elles aussi<\/em>\u00a0du Rh\u00f4ne, l\u2019Association des Femmes Elues de l\u2019Is\u00e8re,\u00a0 l\u2019Association des Femmes Elues de la Loire, l\u2019association des femmes \u00e9lues de Savoie, auxquelles s\u2019est jointe l\u2019association Regards de femmes.<\/p><p><em>avec le soutien du Minist\u00e8re des droits de femmes, de la ville, de la jeunesse et des sports<\/em><\/p><p><img fetchpriority=\"high\" decoding=\"async\" class=\"aligncenter size-full wp-image-2001\" src=\"https:\/\/elles129186.webdb78.lwspanel.com\/wp-content\/uploads\/2024\/11\/colloque.jpg\" alt=\"\" width=\"320\" height=\"169\" srcset=\"https:\/\/www.ellesaussi.org\/wp-content\/uploads\/2024\/11\/colloque.jpg 320w, https:\/\/www.ellesaussi.org\/wp-content\/uploads\/2024\/11\/colloque-300x158.jpg 300w\" sizes=\"(max-width: 320px) 100vw, 320px\" \/><\/p>\t\t\t\t\t\t<\/div>\n\t\t\t\t<\/div>\n\t\t\t\t<div class=\"elementor-element elementor-element-fab8481 elementor-widget elementor-widget-text-editor\" data-id=\"fab8481\" data-element_type=\"widget\" data-widget_type=\"text-editor.default\">\n\t\t\t\t<div class=\"elementor-widget-container\">\n\t\t\t\t\t\t\t<p style=\"text-align: center;\"><a href=\"https:\/\/www.ellesaussi.org\/?p=2006\"><span style=\"color: #f15b43;\">Pr\u00e9sentation du colloque<\/span><\/a><\/p><p style=\"text-align: center;\"><a href=\"https:\/\/www.ellesaussi.org\/?p=2011\"><span style=\"color: #f15b43;\">Les intervenant-e-s<\/span><\/a><\/p><p style=\"text-align: center;\"><a href=\"https:\/\/www.ellesaussi.org\/?p=2020\"><span style=\"color: #f15b43;\">Introduction au d\u00e9bat par \u00c9ric Kerrouche<\/span><\/a><\/p><p style=\"text-align: center;\"><a href=\"https:\/\/www.ellesaussi.org\/?p=2025\"><span style=\"color: #f15b43;\">Les 29 propositions de la mission d\u2019information<\/span><\/a><br \/><a href=\"https:\/\/www.ellesaussi.org\/?p=2025\" target=\"_blank\" rel=\"noopener\"><span style=\"color: #f15b43;\">de l\u2019Assembl\u00e9e nationale<\/span><\/a><\/p><p style=\"text-align: center;\"><a href=\"https:\/\/www.ellesaussi.org\/wp-content\/uploads\/2024\/11\/AMF_7828_GUIDE_statut_elu_local.pdf\" target=\"_blank\" rel=\"noopener\"><span style=\"color: #f15b43;\">L\u2019actuel statut de l\u2019\u00e9lu-e<\/span><\/a><\/p><p style=\"text-align: center;\"><a href=\"https:\/\/www.ellesaussi.org\/?p=2034\"><span style=\"color: #f15b43;\">Le communiqu\u00e9 de presse<\/span><\/a><\/p><p style=\"text-align: center;\"><a href=\"https:\/\/www.ellesaussi.org\/?p=2039\"><span style=\"color: #f15b43;\">Des propositions d\u2019Elles aussi<\/span><\/a><\/p><p style=\"text-align: center;\"><a href=\"https:\/\/www.ellesaussi.org\/?p=2044\"><span style=\"color: #f15b43;\">Courte synth\u00e8se des tables-rondes<\/span><\/a><\/p><p style=\"text-align: center;\"><a href=\"https:\/\/www.ellesaussi.org\/?p=2049\"><span style=\"color: #f15b43;\">Des moments forts du colloque<\/span><\/a><\/p>\t\t\t\t\t\t<\/div>\n\t\t\t\t<\/div>\n\t\t\t\t\t<\/div>\n\t\t\t\t<\/div>\n\t\t<div class=\"elementor-element elementor-element-acd696c e-flex e-con-boxed e-con e-parent\" data-id=\"acd696c\" data-element_type=\"container\">\n\t\t\t\t\t<div class=\"e-con-inner\">\n\t\t\t\t<div class=\"elementor-element elementor-element-97ea738 elementor-widget elementor-widget-image\" data-id=\"97ea738\" data-element_type=\"widget\" data-widget_type=\"image.default\">\n\t\t\t\t<div class=\"elementor-widget-container\">\n\t\t\t\t\t\t\t\t\t\t\t\t\t<img decoding=\"async\" width=\"704\" height=\"1024\" src=\"https:\/\/www.ellesaussi.org\/wp-content\/uploads\/2024\/11\/programme_colloque-704x1024.jpg\" class=\"attachment-large size-large wp-image-2016\" alt=\"\" srcset=\"https:\/\/www.ellesaussi.org\/wp-content\/uploads\/2024\/11\/programme_colloque-704x1024.jpg 704w, https:\/\/www.ellesaussi.org\/wp-content\/uploads\/2024\/11\/programme_colloque-206x300.jpg 206w, https:\/\/www.ellesaussi.org\/wp-content\/uploads\/2024\/11\/programme_colloque-768x1116.jpg 768w, https:\/\/www.ellesaussi.org\/wp-content\/uploads\/2024\/11\/programme_colloque.jpg 800w\" sizes=\"(max-width: 704px) 100vw, 704px\" \/>\t\t\t\t\t\t\t\t\t\t\t\t\t<\/div>\n\t\t\t\t<\/div>\n\t\t\t\t\t<\/div>\n\t\t\t\t<\/div>\n\t\t\t\t<\/div>\n\t\t","protected":false},"excerpt":{"rendered":"<p>Quelle d\u00e9mocratie locale voulons-nous ? Le statut de l\u2019\u00e9lu-e local-e en questions Le 10 octobre 2014,\u00a0\u00a0H\u00f4tel de r\u00e9gion Rh\u00f4ne-Alpes \u00e0 Lyon Dans la continuit\u00e9 du travail engag\u00e9 depuis 20 ans, pour susciter et accompagner l\u2019acc\u00e8s des femmes \u00e0 la repr\u00e9sentation politique, en dehors des appartenances partisanes et au plus pr\u00e8s des r\u00e9alit\u00e9s de leurs vies, [&hellip;]<\/p>\n","protected":false},"author":1,"featured_media":0,"parent":0,"menu_order":0,"comment_status":"closed","ping_status":"closed","template":"","meta":{"footnotes":""},"class_list":["post-1693","page","type-page","status-publish","hentry"],"yoast_head":"<!-- This site is optimized with the Yoast SEO plugin v22.8 - https:\/\/yoast.com\/wordpress\/plugins\/seo\/ -->\n<title>Colloque sur le statut de l\u2019\u00e9lu-e local-e - Elles Aussi<\/title>\n<meta name=\"robots\" content=\"index, follow, max-snippet:-1, max-image-preview:large, max-video-preview:-1\" \/>\n<link rel=\"canonical\" href=\"https:\/\/www.ellesaussi.org\/?page_id=1693\" \/>\n<meta property=\"og:locale\" content=\"fr_FR\" \/>\n<meta property=\"og:type\" content=\"article\" \/>\n<meta property=\"og:title\" content=\"Colloque sur le statut de l\u2019\u00e9lu-e local-e - Elles Aussi\" \/>\n<meta property=\"og:description\" content=\"Quelle d\u00e9mocratie locale voulons-nous ? Le statut de l\u2019\u00e9lu-e local-e en questions Le 10 octobre 2014,\u00a0\u00a0H\u00f4tel de r\u00e9gion Rh\u00f4ne-Alpes \u00e0 Lyon Dans la continuit\u00e9 du travail engag\u00e9 depuis 20 ans, pour susciter et accompagner l\u2019acc\u00e8s des femmes \u00e0 la repr\u00e9sentation politique, en dehors des appartenances partisanes et au plus pr\u00e8s des r\u00e9alit\u00e9s de leurs vies, [&hellip;]\" \/>\n<meta property=\"og:url\" content=\"https:\/\/www.ellesaussi.org\/?page_id=1693\" \/>\n<meta property=\"og:site_name\" content=\"Elles Aussi\" \/>\n<meta property=\"article:publisher\" content=\"https:\/\/www.facebook.com\/ellesaussi\/\" \/>\n<meta property=\"article:modified_time\" content=\"2025-04-09T14:34:17+00:00\" \/>\n<meta property=\"og:image\" content=\"https:\/\/elles129186.webdb78.lwspanel.com\/wp-content\/uploads\/2024\/11\/colloque.jpg\" \/>\n<meta name=\"twitter:card\" content=\"summary_large_image\" \/>\n<meta name=\"twitter:label1\" content=\"Dur\u00e9e de lecture estim\u00e9e\" \/>\n\t<meta name=\"twitter:data1\" content=\"2 minutes\" \/>\n<script type=\"application\/ld+json\" class=\"yoast-schema-graph\">{\"@context\":\"https:\/\/schema.org\",\"@graph\":[{\"@type\":\"WebPage\",\"@id\":\"https:\/\/www.ellesaussi.org\/?page_id=1693\",\"url\":\"https:\/\/www.ellesaussi.org\/?page_id=1693\",\"name\":\"Colloque sur le statut de l\u2019\u00e9lu-e local-e - Elles Aussi\",\"isPartOf\":{\"@id\":\"https:\/\/www.ellesaussi.org\/#website\"},\"primaryImageOfPage\":{\"@id\":\"https:\/\/www.ellesaussi.org\/?page_id=1693#primaryimage\"},\"image\":{\"@id\":\"https:\/\/www.ellesaussi.org\/?page_id=1693#primaryimage\"},\"thumbnailUrl\":\"https:\/\/elles129186.webdb78.lwspanel.com\/wp-content\/uploads\/2024\/11\/colloque.jpg\",\"datePublished\":\"2024-11-01T17:18:03+00:00\",\"dateModified\":\"2025-04-09T14:34:17+00:00\",\"breadcrumb\":{\"@id\":\"https:\/\/www.ellesaussi.org\/?page_id=1693#breadcrumb\"},\"inLanguage\":\"fr-FR\",\"potentialAction\":[{\"@type\":\"ReadAction\",\"target\":[\"https:\/\/www.ellesaussi.org\/?page_id=1693\"]}]},{\"@type\":\"ImageObject\",\"inLanguage\":\"fr-FR\",\"@id\":\"https:\/\/www.ellesaussi.org\/?page_id=1693#primaryimage\",\"url\":\"https:\/\/elles129186.webdb78.lwspanel.com\/wp-content\/uploads\/2024\/11\/colloque.jpg\",\"contentUrl\":\"https:\/\/elles129186.webdb78.lwspanel.com\/wp-content\/uploads\/2024\/11\/colloque.jpg\"},{\"@type\":\"BreadcrumbList\",\"@id\":\"https:\/\/www.ellesaussi.org\/?page_id=1693#breadcrumb\",\"itemListElement\":[{\"@type\":\"ListItem\",\"position\":1,\"name\":\"Accueil\",\"item\":\"https:\/\/www.ellesaussi.org\/\"},{\"@type\":\"ListItem\",\"position\":2,\"name\":\"Colloque sur le statut de l\u2019\u00e9lu-e local-e\"}]},{\"@type\":\"WebSite\",\"@id\":\"https:\/\/www.ellesaussi.org\/#website\",\"url\":\"https:\/\/www.ellesaussi.org\/\",\"name\":\"Elles Aussi\",\"description\":\"\",\"publisher\":{\"@id\":\"https:\/\/www.ellesaussi.org\/#organization\"},\"potentialAction\":[{\"@type\":\"SearchAction\",\"target\":{\"@type\":\"EntryPoint\",\"urlTemplate\":\"https:\/\/www.ellesaussi.org\/?s={search_term_string}\"},\"query-input\":\"required name=search_term_string\"}],\"inLanguage\":\"fr-FR\"},{\"@type\":\"Organization\",\"@id\":\"https:\/\/www.ellesaussi.org\/#organization\",\"name\":\"Elles Aussi\",\"url\":\"https:\/\/www.ellesaussi.org\/\",\"logo\":{\"@type\":\"ImageObject\",\"inLanguage\":\"fr-FR\",\"@id\":\"https:\/\/www.ellesaussi.org\/#\/schema\/logo\/image\/\",\"url\":\"https:\/\/www.ellesaussi.org\/wp-content\/uploads\/2024\/05\/Elles-aussi_logotype_rouge.png\",\"contentUrl\":\"https:\/\/www.ellesaussi.org\/wp-content\/uploads\/2024\/05\/Elles-aussi_logotype_rouge.png\",\"width\":3472,\"height\":2480,\"caption\":\"Elles Aussi\"},\"image\":{\"@id\":\"https:\/\/www.ellesaussi.org\/#\/schema\/logo\/image\/\"},\"sameAs\":[\"https:\/\/www.facebook.com\/ellesaussi\/\"]}]}<\/script>\n<!-- \/ Yoast SEO plugin. -->","yoast_head_json":{"title":"Colloque sur le statut de l\u2019\u00e9lu-e local-e - Elles Aussi","robots":{"index":"index","follow":"follow","max-snippet":"max-snippet:-1","max-image-preview":"max-image-preview:large","max-video-preview":"max-video-preview:-1"},"canonical":"https:\/\/www.ellesaussi.org\/?page_id=1693","og_locale":"fr_FR","og_type":"article","og_title":"Colloque sur le statut de l\u2019\u00e9lu-e local-e - Elles Aussi","og_description":"Quelle d\u00e9mocratie locale voulons-nous ? Le statut de l\u2019\u00e9lu-e local-e en questions Le 10 octobre 2014,\u00a0\u00a0H\u00f4tel de r\u00e9gion Rh\u00f4ne-Alpes \u00e0 Lyon Dans la continuit\u00e9 du travail engag\u00e9 depuis 20 ans, pour susciter et accompagner l\u2019acc\u00e8s des femmes \u00e0 la repr\u00e9sentation politique, en dehors des appartenances partisanes et au plus pr\u00e8s des r\u00e9alit\u00e9s de leurs vies, [&hellip;]","og_url":"https:\/\/www.ellesaussi.org\/?page_id=1693","og_site_name":"Elles Aussi","article_publisher":"https:\/\/www.facebook.com\/ellesaussi\/","article_modified_time":"2025-04-09T14:34:17+00:00","og_image":[{"url":"https:\/\/elles129186.webdb78.lwspanel.com\/wp-content\/uploads\/2024\/11\/colloque.jpg"}],"twitter_card":"summary_large_image","twitter_misc":{"Dur\u00e9e de lecture estim\u00e9e":"2 minutes"},"schema":{"@context":"https:\/\/schema.org","@graph":[{"@type":"WebPage","@id":"https:\/\/www.ellesaussi.org\/?page_id=1693","url":"https:\/\/www.ellesaussi.org\/?page_id=1693","name":"Colloque sur le statut de l\u2019\u00e9lu-e local-e - Elles Aussi","isPartOf":{"@id":"https:\/\/www.ellesaussi.org\/#website"},"primaryImageOfPage":{"@id":"https:\/\/www.ellesaussi.org\/?page_id=1693#primaryimage"},"image":{"@id":"https:\/\/www.ellesaussi.org\/?page_id=1693#primaryimage"},"thumbnailUrl":"https:\/\/elles129186.webdb78.lwspanel.com\/wp-content\/uploads\/2024\/11\/colloque.jpg","datePublished":"2024-11-01T17:18:03+00:00","dateModified":"2025-04-09T14:34:17+00:00","breadcrumb":{"@id":"https:\/\/www.ellesaussi.org\/?page_id=1693#breadcrumb"},"inLanguage":"fr-FR","potentialAction":[{"@type":"ReadAction","target":["https:\/\/www.ellesaussi.org\/?page_id=1693"]}]},{"@type":"ImageObject","inLanguage":"fr-FR","@id":"https:\/\/www.ellesaussi.org\/?page_id=1693#primaryimage","url":"https:\/\/elles129186.webdb78.lwspanel.com\/wp-content\/uploads\/2024\/11\/colloque.jpg","contentUrl":"https:\/\/elles129186.webdb78.lwspanel.com\/wp-content\/uploads\/2024\/11\/colloque.jpg"},{"@type":"BreadcrumbList","@id":"https:\/\/www.ellesaussi.org\/?page_id=1693#breadcrumb","itemListElement":[{"@type":"ListItem","position":1,"name":"Accueil","item":"https:\/\/www.ellesaussi.org\/"},{"@type":"ListItem","position":2,"name":"Colloque sur le statut de l\u2019\u00e9lu-e local-e"}]},{"@type":"WebSite","@id":"https:\/\/www.ellesaussi.org\/#website","url":"https:\/\/www.ellesaussi.org\/","name":"Elles Aussi","description":"","publisher":{"@id":"https:\/\/www.ellesaussi.org\/#organization"},"potentialAction":[{"@type":"SearchAction","target":{"@type":"EntryPoint","urlTemplate":"https:\/\/www.ellesaussi.org\/?s={search_term_string}"},"query-input":"required name=search_term_string"}],"inLanguage":"fr-FR"},{"@type":"Organization","@id":"https:\/\/www.ellesaussi.org\/#organization","name":"Elles Aussi","url":"https:\/\/www.ellesaussi.org\/","logo":{"@type":"ImageObject","inLanguage":"fr-FR","@id":"https:\/\/www.ellesaussi.org\/#\/schema\/logo\/image\/","url":"https:\/\/www.ellesaussi.org\/wp-content\/uploads\/2024\/05\/Elles-aussi_logotype_rouge.png","contentUrl":"https:\/\/www.ellesaussi.org\/wp-content\/uploads\/2024\/05\/Elles-aussi_logotype_rouge.png","width":3472,"height":2480,"caption":"Elles Aussi"},"image":{"@id":"https:\/\/www.ellesaussi.org\/#\/schema\/logo\/image\/"},"sameAs":["https:\/\/www.facebook.com\/ellesaussi\/"]}]}},"_links":{"self":[{"href":"https:\/\/www.ellesaussi.org\/index.php?rest_route=\/wp\/v2\/pages\/1693","targetHints":{"allow":["GET"]}}],"collection":[{"href":"https:\/\/www.ellesaussi.org\/index.php?rest_route=\/wp\/v2\/pages"}],"about":[{"href":"https:\/\/www.ellesaussi.org\/index.php?rest_route=\/wp\/v2\/types\/page"}],"author":[{"embeddable":true,"href":"https:\/\/www.ellesaussi.org\/index.php?rest_route=\/wp\/v2\/users\/1"}],"replies":[{"embeddable":true,"href":"https:\/\/www.ellesaussi.org\/index.php?rest_route=%2Fwp%2Fv2%2Fcomments&post=1693"}],"version-history":[{"count":22,"href":"https:\/\/www.ellesaussi.org\/index.php?rest_route=\/wp\/v2\/pages\/1693\/revisions"}],"predecessor-version":[{"id":3533,"href":"https:\/\/www.ellesaussi.org\/index.php?rest_route=\/wp\/v2\/pages\/1693\/revisions\/3533"}],"wp:attachment":[{"href":"https:\/\/www.ellesaussi.org\/index.php?rest_route=%2Fwp%2Fv2%2Fmedia&parent=1693"}],"curies":[{"name":"wp","href":"https:\/\/api.w.org\/{rel}","templated":true}]}}