{"id":1684,"date":"2024-11-01T18:16:25","date_gmt":"2024-11-01T17:16:25","guid":{"rendered":"https:\/\/elles129186.webdb78.lwspanel.com\/?page_id=1684"},"modified":"2024-12-11T16:06:07","modified_gmt":"2024-12-11T15:06:07","slug":"colloques","status":"publish","type":"page","link":"https:\/\/www.ellesaussi.org\/?page_id=1684","title":{"rendered":"Colloques"},"content":{"rendered":"\t\t<div data-elementor-type=\"wp-page\" data-elementor-id=\"1684\" class=\"elementor elementor-1684\" data-elementor-post-type=\"page\">\n\t\t\t\t\t\t<section class=\"elementor-section elementor-top-section elementor-element elementor-element-d89098f elementor-section-boxed elementor-section-height-default elementor-section-height-default\" data-id=\"d89098f\" data-element_type=\"section\">\n\t\t\t\t\t\t<div class=\"elementor-container elementor-column-gap-no\">\n\t\t\t\t\t<div class=\"elementor-column elementor-col-100 elementor-top-column elementor-element elementor-element-22f76dc0\" data-id=\"22f76dc0\" data-element_type=\"column\">\n\t\t\t<div class=\"elementor-widget-wrap elementor-element-populated\">\n\t\t\t\t\t\t<section class=\"elementor-section elementor-inner-section elementor-element elementor-element-4b9401fe elementor-section-boxed elementor-section-height-default elementor-section-height-default\" data-id=\"4b9401fe\" data-element_type=\"section\">\n\t\t\t\t\t\t<div class=\"elementor-container elementor-column-gap-no\">\n\t\t\t\t\t<div class=\"elementor-column elementor-col-50 elementor-inner-column elementor-element elementor-element-4652f590\" data-id=\"4652f590\" data-element_type=\"column\">\n\t\t\t<div class=\"elementor-widget-wrap elementor-element-populated\">\n\t\t\t\t\t\t<div class=\"elementor-element elementor-element-32a3f661 elementor-widget elementor-widget-image\" data-id=\"32a3f661\" data-element_type=\"widget\" data-widget_type=\"image.default\">\n\t\t\t\t<div class=\"elementor-widget-container\">\n\t\t\t\t\t\t\t\t\t\t\t\t\t<img fetchpriority=\"high\" decoding=\"async\" width=\"640\" height=\"326\" src=\"https:\/\/www.ellesaussi.org\/wp-content\/uploads\/2024\/11\/colloque-1.jpg\" class=\"attachment-large size-large wp-image-2126\" alt=\"\" srcset=\"https:\/\/www.ellesaussi.org\/wp-content\/uploads\/2024\/11\/colloque-1.jpg 640w, https:\/\/www.ellesaussi.org\/wp-content\/uploads\/2024\/11\/colloque-1-300x153.jpg 300w\" sizes=\"(max-width: 640px) 100vw, 640px\" \/>\t\t\t\t\t\t\t\t\t\t\t\t\t<\/div>\n\t\t\t\t<\/div>\n\t\t\t\t<div class=\"elementor-element elementor-element-18000ff4 elementor-widget elementor-widget-heading\" data-id=\"18000ff4\" data-element_type=\"widget\" data-widget_type=\"heading.default\">\n\t\t\t\t<div class=\"elementor-widget-container\">\n\t\t\t<h5 class=\"elementor-heading-title elementor-size-default\">Elles aussi, 30 ans pour la parit\u00e9 et demain?<\/h5>\t\t<\/div>\n\t\t\t\t<\/div>\n\t\t\t\t<div class=\"elementor-element elementor-element-1a78a4ba elementor-widget elementor-widget-elementskit-dual-button\" data-id=\"1a78a4ba\" data-element_type=\"widget\" data-widget_type=\"elementskit-dual-button.default\">\n\t\t\t\t<div class=\"elementor-widget-container\">\n\t\t\t<div class=\"ekit-wid-con\" >\n                <div class=\"ekit-element-align-wrapper\">\n                    <div class=\"ekit_double_button\">                <a class=\"ekit-double-btn ekit-double-btn-one\" href=\"https:\/\/elles129186.webdb78.lwspanel.com\/?page_id=1687\">\n                    en savoir plus                <\/a>\n                  <\/div>\n                <\/div>\n            <\/div>\t\t<\/div>\n\t\t\t\t<\/div>\n\t\t\t\t\t<\/div>\n\t\t<\/div>\n\t\t\t\t<div class=\"elementor-column elementor-col-50 elementor-inner-column elementor-element elementor-element-3ec57d84\" data-id=\"3ec57d84\" data-element_type=\"column\">\n\t\t\t<div class=\"elementor-widget-wrap elementor-element-populated\">\n\t\t\t\t\t\t<div class=\"elementor-element elementor-element-29217e55 elementor-widget elementor-widget-image\" data-id=\"29217e55\" data-element_type=\"widget\" data-widget_type=\"image.default\">\n\t\t\t\t<div class=\"elementor-widget-container\">\n\t\t\t\t\t\t\t\t\t\t\t\t\t<img decoding=\"async\" width=\"640\" height=\"326\" src=\"https:\/\/www.ellesaussi.org\/wp-content\/uploads\/2024\/12\/Perspectives-2020-titre.jpg\" class=\"attachment-large size-large wp-image-2909\" alt=\"\" srcset=\"https:\/\/www.ellesaussi.org\/wp-content\/uploads\/2024\/12\/Perspectives-2020-titre.jpg 640w, https:\/\/www.ellesaussi.org\/wp-content\/uploads\/2024\/12\/Perspectives-2020-titre-300x153.jpg 300w\" sizes=\"(max-width: 640px) 100vw, 640px\" \/>\t\t\t\t\t\t\t\t\t\t\t\t\t<\/div>\n\t\t\t\t<\/div>\n\t\t\t\t<div class=\"elementor-element elementor-element-1de6fdc1 elementor-widget elementor-widget-heading\" data-id=\"1de6fdc1\" data-element_type=\"widget\" data-widget_type=\"heading.default\">\n\t\t\t\t<div class=\"elementor-widget-container\">\n\t\t\t<h5 class=\"elementor-heading-title elementor-size-default\">Perspectives 2020\n<\/h5>\t\t<\/div>\n\t\t\t\t<\/div>\n\t\t\t\t<div class=\"elementor-element elementor-element-23f3caf9 elementor-widget elementor-widget-elementskit-dual-button\" data-id=\"23f3caf9\" data-element_type=\"widget\" data-widget_type=\"elementskit-dual-button.default\">\n\t\t\t\t<div class=\"elementor-widget-container\">\n\t\t\t<div class=\"ekit-wid-con\" >\n                <div class=\"ekit-element-align-wrapper\">\n                    <div class=\"ekit_double_button\">                <a class=\"ekit-double-btn ekit-double-btn-one\" href=\"https:\/\/elles129186.webdb78.lwspanel.com\/?page_id=1690\">\n                    en savoir plus                <\/a>\n                  <\/div>\n                <\/div>\n            <\/div>\t\t<\/div>\n\t\t\t\t<\/div>\n\t\t\t\t\t<\/div>\n\t\t<\/div>\n\t\t\t\t\t<\/div>\n\t\t<\/section>\n\t\t\t\t<section class=\"elementor-section elementor-inner-section elementor-element elementor-element-5d85b082 elementor-section-boxed elementor-section-height-default elementor-section-height-default\" data-id=\"5d85b082\" data-element_type=\"section\">\n\t\t\t\t\t\t<div class=\"elementor-container elementor-column-gap-no\">\n\t\t\t\t\t<div class=\"elementor-column elementor-col-50 elementor-inner-column elementor-element elementor-element-44f120a\" data-id=\"44f120a\" data-element_type=\"column\">\n\t\t\t<div class=\"elementor-widget-wrap elementor-element-populated\">\n\t\t\t\t\t\t<div class=\"elementor-element elementor-element-4bcad607 elementor-widget elementor-widget-image\" data-id=\"4bcad607\" data-element_type=\"widget\" data-widget_type=\"image.default\">\n\t\t\t\t<div class=\"elementor-widget-container\">\n\t\t\t\t\t\t\t\t\t\t\t\t\t<img decoding=\"async\" width=\"640\" height=\"326\" src=\"https:\/\/www.ellesaussi.org\/wp-content\/uploads\/2024\/12\/Colloque-sur-le-statut-de-lelu-e-local-e-titre.jpg\" class=\"attachment-large size-large wp-image-2911\" alt=\"\" srcset=\"https:\/\/www.ellesaussi.org\/wp-content\/uploads\/2024\/12\/Colloque-sur-le-statut-de-lelu-e-local-e-titre.jpg 640w, https:\/\/www.ellesaussi.org\/wp-content\/uploads\/2024\/12\/Colloque-sur-le-statut-de-lelu-e-local-e-titre-300x153.jpg 300w\" sizes=\"(max-width: 640px) 100vw, 640px\" \/>\t\t\t\t\t\t\t\t\t\t\t\t\t<\/div>\n\t\t\t\t<\/div>\n\t\t\t\t<div class=\"elementor-element elementor-element-4147634b elementor-widget elementor-widget-heading\" data-id=\"4147634b\" data-element_type=\"widget\" data-widget_type=\"heading.default\">\n\t\t\t\t<div class=\"elementor-widget-container\">\n\t\t\t<h5 class=\"elementor-heading-title elementor-size-default\">Colloque sur le statut de l\u2019\u00e9lu-e local-e<\/h5>\t\t<\/div>\n\t\t\t\t<\/div>\n\t\t\t\t<div class=\"elementor-element elementor-element-58d4fd7c elementor-widget elementor-widget-elementskit-dual-button\" data-id=\"58d4fd7c\" data-element_type=\"widget\" data-widget_type=\"elementskit-dual-button.default\">\n\t\t\t\t<div class=\"elementor-widget-container\">\n\t\t\t<div class=\"ekit-wid-con\" >\n                <div class=\"ekit-element-align-wrapper\">\n                    <div class=\"ekit_double_button\">                <a class=\"ekit-double-btn ekit-double-btn-one\" href=\"https:\/\/elles129186.webdb78.lwspanel.com\/?page_id=1693\">\n                    En savoir plus                <\/a>\n                  <\/div>\n                <\/div>\n            <\/div>\t\t<\/div>\n\t\t\t\t<\/div>\n\t\t\t\t\t<\/div>\n\t\t<\/div>\n\t\t\t\t<div class=\"elementor-column elementor-col-50 elementor-inner-column elementor-element elementor-element-28ea14f0\" data-id=\"28ea14f0\" data-element_type=\"column\">\n\t\t\t<div class=\"elementor-widget-wrap elementor-element-populated\">\n\t\t\t\t\t\t<div class=\"elementor-element elementor-element-7b4871d elementor-widget elementor-widget-text-editor\" data-id=\"7b4871d\" data-element_type=\"widget\" data-widget_type=\"text-editor.default\">\n\t\t\t\t<div class=\"elementor-widget-container\">\n\t\t\t\t\t\t\t<p>Le 4 octobre 2021 :\u00a0La CLEF et sa Commission \u00ab\u00a0Parit\u00e9 politique et Leadership\u00a0\u00bb, co-anim\u00e9e par Armelle Danet (<em>Elles aussi<\/em>) et Mich\u00e8le Dubouchet (Parit\u00e9\u00a0!), organisent un colloque le 4 octobre 2021\u00a0: Il se d\u00e9roulera au Palais du Luxembourg, de 17h30 \u00e0 20h, sous le marrainage de la s\u00e9natrice Laurence Rossignol et s\u2019articulera autour de deux table-rondes.<\/p>\t\t\t\t\t\t<\/div>\n\t\t\t\t<\/div>\n\t\t\t\t<div class=\"elementor-element elementor-element-127fa2e elementor-widget elementor-widget-button\" data-id=\"127fa2e\" data-element_type=\"widget\" data-widget_type=\"button.default\">\n\t\t\t\t<div class=\"elementor-widget-container\">\n\t\t\t\t\t<div class=\"elementor-button-wrapper\">\n\t\t\t<a class=\"elementor-button elementor-button-link elementor-size-sm\" href=\"https:\/\/elles129186.webdb78.lwspanel.com\/?p=1766\">\n\t\t\t\t\t\t<span class=\"elementor-button-content-wrapper\">\n\t\t\t\t\t\t\t\t\t<span class=\"elementor-button-text\">lire la suite<\/span>\n\t\t\t\t\t<\/span>\n\t\t\t\t\t<\/a>\n\t\t<\/div>\n\t\t\t\t<\/div>\n\t\t\t\t<\/div>\n\t\t\t\t\t<\/div>\n\t\t<\/div>\n\t\t\t\t\t<\/div>\n\t\t<\/section>\n\t\t\t\t\t<\/div>\n\t\t<\/div>\n\t\t\t\t\t<\/div>\n\t\t<\/section>\n\t\t<div class=\"elementor-element elementor-element-4a3e5db e-flex e-con-boxed e-con e-parent\" data-id=\"4a3e5db\" data-element_type=\"container\">\n\t\t\t\t\t<div class=\"e-con-inner\">\n\t\t\t\t\t<\/div>\n\t\t\t\t<\/div>\n\t\t\t\t<\/div>\n\t\t","protected":false},"excerpt":{"rendered":"<p>Elles aussi, 30 ans pour la parit\u00e9 et demain? en savoir plus Perspectives 2020 en savoir plus Colloque sur le statut de l\u2019\u00e9lu-e local-e En savoir plus Le 4 octobre 2021 :\u00a0La CLEF et sa Commission \u00ab\u00a0Parit\u00e9 politique et Leadership\u00a0\u00bb, co-anim\u00e9e par Armelle Danet (Elles aussi) et Mich\u00e8le Dubouchet (Parit\u00e9\u00a0!), organisent un colloque le 4 [&hellip;]<\/p>\n","protected":false},"author":1,"featured_media":0,"parent":0,"menu_order":0,"comment_status":"closed","ping_status":"closed","template":"","meta":{"footnotes":""},"class_list":["post-1684","page","type-page","status-publish","hentry"],"yoast_head":"<!-- This site is optimized with the Yoast SEO plugin v22.8 - https:\/\/yoast.com\/wordpress\/plugins\/seo\/ -->\n<title>Colloques - Elles Aussi<\/title>\n<meta name=\"robots\" content=\"index, follow, max-snippet:-1, max-image-preview:large, max-video-preview:-1\" \/>\n<link rel=\"canonical\" href=\"https:\/\/www.ellesaussi.org\/?page_id=1684\" \/>\n<meta property=\"og:locale\" content=\"fr_FR\" \/>\n<meta property=\"og:type\" content=\"article\" \/>\n<meta property=\"og:title\" content=\"Colloques - Elles Aussi\" \/>\n<meta property=\"og:description\" content=\"Elles aussi, 30 ans pour la parit\u00e9 et demain? en savoir plus Perspectives 2020 en savoir plus Colloque sur le statut de l\u2019\u00e9lu-e local-e En savoir plus Le 4 octobre 2021 :\u00a0La CLEF et sa Commission \u00ab\u00a0Parit\u00e9 politique et Leadership\u00a0\u00bb, co-anim\u00e9e par Armelle Danet (Elles aussi) et Mich\u00e8le Dubouchet (Parit\u00e9\u00a0!), organisent un colloque le 4 [&hellip;]\" \/>\n<meta property=\"og:url\" content=\"https:\/\/www.ellesaussi.org\/?page_id=1684\" \/>\n<meta property=\"og:site_name\" content=\"Elles Aussi\" \/>\n<meta property=\"article:publisher\" content=\"https:\/\/www.facebook.com\/ellesaussi\/\" \/>\n<meta property=\"article:modified_time\" content=\"2024-12-11T15:06:07+00:00\" \/>\n<meta property=\"og:image\" content=\"https:\/\/www.ellesaussi.org\/wp-content\/uploads\/2024\/11\/colloque-1.jpg\" \/>\n<meta name=\"twitter:card\" content=\"summary_large_image\" \/>\n<meta name=\"twitter:label1\" content=\"Dur\u00e9e de lecture estim\u00e9e\" \/>\n\t<meta name=\"twitter:data1\" content=\"2 minutes\" \/>\n<script type=\"application\/ld+json\" class=\"yoast-schema-graph\">{\"@context\":\"https:\/\/schema.org\",\"@graph\":[{\"@type\":\"WebPage\",\"@id\":\"https:\/\/www.ellesaussi.org\/?page_id=1684\",\"url\":\"https:\/\/www.ellesaussi.org\/?page_id=1684\",\"name\":\"Colloques - Elles Aussi\",\"isPartOf\":{\"@id\":\"https:\/\/www.ellesaussi.org\/#website\"},\"primaryImageOfPage\":{\"@id\":\"https:\/\/www.ellesaussi.org\/?page_id=1684#primaryimage\"},\"image\":{\"@id\":\"https:\/\/www.ellesaussi.org\/?page_id=1684#primaryimage\"},\"thumbnailUrl\":\"https:\/\/www.ellesaussi.org\/wp-content\/uploads\/2024\/11\/colloque-1.jpg\",\"datePublished\":\"2024-11-01T17:16:25+00:00\",\"dateModified\":\"2024-12-11T15:06:07+00:00\",\"breadcrumb\":{\"@id\":\"https:\/\/www.ellesaussi.org\/?page_id=1684#breadcrumb\"},\"inLanguage\":\"fr-FR\",\"potentialAction\":[{\"@type\":\"ReadAction\",\"target\":[\"https:\/\/www.ellesaussi.org\/?page_id=1684\"]}]},{\"@type\":\"ImageObject\",\"inLanguage\":\"fr-FR\",\"@id\":\"https:\/\/www.ellesaussi.org\/?page_id=1684#primaryimage\",\"url\":\"https:\/\/www.ellesaussi.org\/wp-content\/uploads\/2024\/11\/colloque-1.jpg\",\"contentUrl\":\"https:\/\/www.ellesaussi.org\/wp-content\/uploads\/2024\/11\/colloque-1.jpg\",\"width\":640,\"height\":326},{\"@type\":\"BreadcrumbList\",\"@id\":\"https:\/\/www.ellesaussi.org\/?page_id=1684#breadcrumb\",\"itemListElement\":[{\"@type\":\"ListItem\",\"position\":1,\"name\":\"Accueil\",\"item\":\"https:\/\/www.ellesaussi.org\/\"},{\"@type\":\"ListItem\",\"position\":2,\"name\":\"Colloques\"}]},{\"@type\":\"WebSite\",\"@id\":\"https:\/\/www.ellesaussi.org\/#website\",\"url\":\"https:\/\/www.ellesaussi.org\/\",\"name\":\"Elles Aussi\",\"description\":\"\",\"publisher\":{\"@id\":\"https:\/\/www.ellesaussi.org\/#organization\"},\"potentialAction\":[{\"@type\":\"SearchAction\",\"target\":{\"@type\":\"EntryPoint\",\"urlTemplate\":\"https:\/\/www.ellesaussi.org\/?s={search_term_string}\"},\"query-input\":\"required name=search_term_string\"}],\"inLanguage\":\"fr-FR\"},{\"@type\":\"Organization\",\"@id\":\"https:\/\/www.ellesaussi.org\/#organization\",\"name\":\"Elles Aussi\",\"url\":\"https:\/\/www.ellesaussi.org\/\",\"logo\":{\"@type\":\"ImageObject\",\"inLanguage\":\"fr-FR\",\"@id\":\"https:\/\/www.ellesaussi.org\/#\/schema\/logo\/image\/\",\"url\":\"https:\/\/www.ellesaussi.org\/wp-content\/uploads\/2024\/05\/Elles-aussi_logotype_rouge.png\",\"contentUrl\":\"https:\/\/www.ellesaussi.org\/wp-content\/uploads\/2024\/05\/Elles-aussi_logotype_rouge.png\",\"width\":3472,\"height\":2480,\"caption\":\"Elles Aussi\"},\"image\":{\"@id\":\"https:\/\/www.ellesaussi.org\/#\/schema\/logo\/image\/\"},\"sameAs\":[\"https:\/\/www.facebook.com\/ellesaussi\/\"]}]}<\/script>\n<!-- \/ Yoast SEO plugin. -->","yoast_head_json":{"title":"Colloques - Elles Aussi","robots":{"index":"index","follow":"follow","max-snippet":"max-snippet:-1","max-image-preview":"max-image-preview:large","max-video-preview":"max-video-preview:-1"},"canonical":"https:\/\/www.ellesaussi.org\/?page_id=1684","og_locale":"fr_FR","og_type":"article","og_title":"Colloques - Elles Aussi","og_description":"Elles aussi, 30 ans pour la parit\u00e9 et demain? en savoir plus Perspectives 2020 en savoir plus Colloque sur le statut de l\u2019\u00e9lu-e local-e En savoir plus Le 4 octobre 2021 :\u00a0La CLEF et sa Commission \u00ab\u00a0Parit\u00e9 politique et Leadership\u00a0\u00bb, co-anim\u00e9e par Armelle Danet (Elles aussi) et Mich\u00e8le Dubouchet (Parit\u00e9\u00a0!), organisent un colloque le 4 [&hellip;]","og_url":"https:\/\/www.ellesaussi.org\/?page_id=1684","og_site_name":"Elles Aussi","article_publisher":"https:\/\/www.facebook.com\/ellesaussi\/","article_modified_time":"2024-12-11T15:06:07+00:00","og_image":[{"url":"https:\/\/www.ellesaussi.org\/wp-content\/uploads\/2024\/11\/colloque-1.jpg"}],"twitter_card":"summary_large_image","twitter_misc":{"Dur\u00e9e de lecture estim\u00e9e":"2 minutes"},"schema":{"@context":"https:\/\/schema.org","@graph":[{"@type":"WebPage","@id":"https:\/\/www.ellesaussi.org\/?page_id=1684","url":"https:\/\/www.ellesaussi.org\/?page_id=1684","name":"Colloques - Elles Aussi","isPartOf":{"@id":"https:\/\/www.ellesaussi.org\/#website"},"primaryImageOfPage":{"@id":"https:\/\/www.ellesaussi.org\/?page_id=1684#primaryimage"},"image":{"@id":"https:\/\/www.ellesaussi.org\/?page_id=1684#primaryimage"},"thumbnailUrl":"https:\/\/www.ellesaussi.org\/wp-content\/uploads\/2024\/11\/colloque-1.jpg","datePublished":"2024-11-01T17:16:25+00:00","dateModified":"2024-12-11T15:06:07+00:00","breadcrumb":{"@id":"https:\/\/www.ellesaussi.org\/?page_id=1684#breadcrumb"},"inLanguage":"fr-FR","potentialAction":[{"@type":"ReadAction","target":["https:\/\/www.ellesaussi.org\/?page_id=1684"]}]},{"@type":"ImageObject","inLanguage":"fr-FR","@id":"https:\/\/www.ellesaussi.org\/?page_id=1684#primaryimage","url":"https:\/\/www.ellesaussi.org\/wp-content\/uploads\/2024\/11\/colloque-1.jpg","contentUrl":"https:\/\/www.ellesaussi.org\/wp-content\/uploads\/2024\/11\/colloque-1.jpg","width":640,"height":326},{"@type":"BreadcrumbList","@id":"https:\/\/www.ellesaussi.org\/?page_id=1684#breadcrumb","itemListElement":[{"@type":"ListItem","position":1,"name":"Accueil","item":"https:\/\/www.ellesaussi.org\/"},{"@type":"ListItem","position":2,"name":"Colloques"}]},{"@type":"WebSite","@id":"https:\/\/www.ellesaussi.org\/#website","url":"https:\/\/www.ellesaussi.org\/","name":"Elles Aussi","description":"","publisher":{"@id":"https:\/\/www.ellesaussi.org\/#organization"},"potentialAction":[{"@type":"SearchAction","target":{"@type":"EntryPoint","urlTemplate":"https:\/\/www.ellesaussi.org\/?s={search_term_string}"},"query-input":"required name=search_term_string"}],"inLanguage":"fr-FR"},{"@type":"Organization","@id":"https:\/\/www.ellesaussi.org\/#organization","name":"Elles Aussi","url":"https:\/\/www.ellesaussi.org\/","logo":{"@type":"ImageObject","inLanguage":"fr-FR","@id":"https:\/\/www.ellesaussi.org\/#\/schema\/logo\/image\/","url":"https:\/\/www.ellesaussi.org\/wp-content\/uploads\/2024\/05\/Elles-aussi_logotype_rouge.png","contentUrl":"https:\/\/www.ellesaussi.org\/wp-content\/uploads\/2024\/05\/Elles-aussi_logotype_rouge.png","width":3472,"height":2480,"caption":"Elles Aussi"},"image":{"@id":"https:\/\/www.ellesaussi.org\/#\/schema\/logo\/image\/"},"sameAs":["https:\/\/www.facebook.com\/ellesaussi\/"]}]}},"_links":{"self":[{"href":"https:\/\/www.ellesaussi.org\/index.php?rest_route=\/wp\/v2\/pages\/1684","targetHints":{"allow":["GET"]}}],"collection":[{"href":"https:\/\/www.ellesaussi.org\/index.php?rest_route=\/wp\/v2\/pages"}],"about":[{"href":"https:\/\/www.ellesaussi.org\/index.php?rest_route=\/wp\/v2\/types\/page"}],"author":[{"embeddable":true,"href":"https:\/\/www.ellesaussi.org\/index.php?rest_route=\/wp\/v2\/users\/1"}],"replies":[{"embeddable":true,"href":"https:\/\/www.ellesaussi.org\/index.php?rest_route=%2Fwp%2Fv2%2Fcomments&post=1684"}],"version-history":[{"count":22,"href":"https:\/\/www.ellesaussi.org\/index.php?rest_route=\/wp\/v2\/pages\/1684\/revisions"}],"predecessor-version":[{"id":2914,"href":"https:\/\/www.ellesaussi.org\/index.php?rest_route=\/wp\/v2\/pages\/1684\/revisions\/2914"}],"wp:attachment":[{"href":"https:\/\/www.ellesaussi.org\/index.php?rest_route=%2Fwp%2Fv2%2Fmedia&parent=1684"}],"curies":[{"name":"wp","href":"https:\/\/api.w.org\/{rel}","templated":true}]}}