{"id":1671,"date":"2024-10-31T16:39:22","date_gmt":"2024-10-31T15:39:22","guid":{"rendered":"https:\/\/elles129186.webdb78.lwspanel.com\/?page_id=1671"},"modified":"2025-02-12T14:30:38","modified_gmt":"2025-02-12T13:30:38","slug":"la-marianne-de-la-parite-description-de-laction","status":"publish","type":"page","link":"https:\/\/www.ellesaussi.org\/?page_id=1671","title":{"rendered":"La Marianne de la Parit\u00e9 &#8211; Description de l\u2019action"},"content":{"rendered":"\t\t<div data-elementor-type=\"wp-page\" data-elementor-id=\"1671\" class=\"elementor elementor-1671\" data-elementor-post-type=\"page\">\n\t\t\t\t<div class=\"elementor-element elementor-element-0bb438a e-flex e-con-boxed e-con e-parent\" data-id=\"0bb438a\" data-element_type=\"container\">\n\t\t\t\t\t<div class=\"e-con-inner\">\n\t\t\t\t<div class=\"elementor-element elementor-element-98b8881 elementor-widget elementor-widget-text-editor\" data-id=\"98b8881\" data-element_type=\"widget\" data-widget_type=\"text-editor.default\">\n\t\t\t\t<div class=\"elementor-widget-container\">\n\t\t\t\t\t\t\t<p><img decoding=\"async\" class=\"wp-image-1663  aligncenter\" src=\"https:\/\/www.ellesaussi.org\/wp-content\/uploads\/2024\/10\/Action-La-Marianne-EPCI-2022-1.jpg\" alt=\"\" width=\"120\" height=\"117\" srcset=\"https:\/\/www.ellesaussi.org\/wp-content\/uploads\/2024\/10\/Action-La-Marianne-EPCI-2022-1.jpg 400w, https:\/\/www.ellesaussi.org\/wp-content\/uploads\/2024\/10\/Action-La-Marianne-EPCI-2022-1-300x293.jpg 300w\" sizes=\"(max-width: 120px) 100vw, 120px\" \/><\/p><p><span style=\"color: #f15b43;\"><strong>Objectifs de l\u2019action<\/strong><\/span><\/p><ul><li>Honorer les intercommunalit\u00e9s qui ont particuli\u00e8rement mis en \u0153uvre le principe de parit\u00e9 dans les conseils et les ex\u00e9cutifs, que la loi soit contraignante ou pas. &#8211; Rendre visibles les femmes qui se sont engag\u00e9es \u00e0 prendre des responsabilit\u00e9s<\/li><li>Sensibiliser les \u00e9lu\u00b7e\u00b7s et la soci\u00e9t\u00e9 civile sur la parit\u00e9 dans les EPCI, organes importants du pouvoir local, dont les comp\u00e9tences et les moyens financiers ne cessent de cro\u00eetre.<\/li><\/ul><p><strong><span style=\"color: #f15b43;\">Etat des lieux<\/span><\/strong><\/p><p>Les conseils communautaires et m\u00e9tropolitains ont \u00e9t\u00e9 \u00e9lus en 2020, avec un mode de scrutin d\u00e9fini par la loi du 17 avril 2013. Qu\u2019en est-il de la pr\u00e9sence des femmes dans les conseils et dans les ex\u00e9cutifs ? Il est donc int\u00e9ressant de faire un \u00e9tat des lieux pour sensibiliser sur la mise en \u0153uvre de la parit\u00e9 dans les EPCI, d\u2019un point de vue quantitatif et qualitatif.\u00a0<\/p><p><strong><span style=\"color: #f15b43;\">C\u00e9r\u00e9monie de remise de distinctions<\/span><\/strong><\/p><p>De un \u00e0 trois prix seront attribu\u00e9s dans chaque d\u00e9partement. Sur le territoire, une c\u00e9r\u00e9monie de remise des distinctions sera organis\u00e9e. Cette c\u00e9r\u00e9monie se d\u00e9roulera en pr\u00e9sence des personnalit\u00e9s politiques locales, dont les repr\u00e9sentants des intercommunalit\u00e9s recevant les prix, et \u00e9galement d\u2019associations et de personnalit\u00e9s ayant manifest\u00e9 leur int\u00e9r\u00eat pour une meilleure repr\u00e9sentation des femmes en politique et dans la soci\u00e9t\u00e9.\u00a0\u00a0\u00a0\u00a0\u00a0\u00a0<\/p><p><strong><span style=\"color: #f15b43;\">Les distinctions<\/span><\/strong><\/p><p>De un \u00e0 trois prix seront remis dans le d\u00e9partement.\u00a0<\/p><p>Des crit\u00e8res pond\u00e9r\u00e9s positifs ou n\u00e9gatifs seront retenus, tel que les pourcentages de femmes dans les conseils et les ex\u00e9cutifs, les types de d\u00e9l\u00e9gations donn\u00e9es aux femmes, la signature \u00e9ventuelle de la charte europ\u00e9enne pour l\u2019\u00e9galit\u00e9, les politiques d\u2019\u00e9galit\u00e9 mises en \u0153uvre, la pr\u00e9sidence\u2026.\u00a0<\/p><p>Pour d\u00e9partager les ex-aequo, des crit\u00e8res compl\u00e9mentaires ont \u00e9t\u00e9 pr\u00e9vus.<\/p><p><span style=\"color: #f15b43;\"><strong>Commission et jury<\/strong><\/span><\/p><p>Une commission propos\u00e9e par le groupe local d\u2019Elles aussi et d\u2019\u00e9ventuelles associations partenaires rassemblera les informations\u00a0<\/p><p>Les distinctions seront d\u00e9cern\u00e9es par un jury pluraliste compos\u00e9 d\u2019un\u00b7e pr\u00e9sident\u00b7e d\u2019honneur, de membres des associations locales organisatrices, d\u2019ancien\u00b7ne\u00b7s \u00e9lu\u00b7e\u00b7s pluralistes, de personnalit\u00e9s qualifi\u00e9es en mati\u00e8re de d\u00e9mocratie paritaire.\u00a0\u00a0\u00a0<\/p><p><strong><span style=\"color: #f15b43;\">Un travail de terrain pour la parit\u00e9<\/span><\/strong><\/p><p>Une action de ce type a \u00e9t\u00e9 initi\u00e9e et r\u00e9alis\u00e9e avec succ\u00e8s le 8 mars 2009 par l\u2019antenne Elles aussi Rh\u00f4ne, puis reproduite dans de nombreux d\u00e9partements (les communes furent class\u00e9es) en 2011 et 2012. En 2015, les \u00e9quipes locales d\u2019Elles aussi ont r\u00e9alis\u00e9 une \u00e9tude exhaustive de tous les EPCI de toutes les r\u00e9gions de France et remis des distinctions dans plusieurs r\u00e9gions.\u00a0 En 2022, les r\u00e9sultats globaux nationaux issus des \u00e9lections de 2020 mettent en \u00e9vidence les insuffisances du mode de scrutin r\u00e9gi par la loi de 2013. Les groupes locaux d\u2019Elles aussi et leurs partenaires souhaitent, dans les d\u00e9partements o\u00f9 ils m\u00e8nent des actions, mettre \u00e0 l\u2019honneur les assembl\u00e9es qui se rapprochent de la parit\u00e9 ; c\u2019est aussi l\u2019occasion de mettre \u00e0 l\u2019honneur les femmes \u00e9lues et d\u2019encourager les femmes \u00e0 s&rsquo;engager dans la vie politique locale.\u00a0\u00a0<\/p>\t\t\t\t\t\t<\/div>\n\t\t\t\t<\/div>\n\t\t\t\t\t<\/div>\n\t\t\t\t<\/div>\n\t\t\t\t<\/div>\n\t\t","protected":false},"excerpt":{"rendered":"<p>Objectifs de l\u2019action Honorer les intercommunalit\u00e9s qui ont particuli\u00e8rement mis en \u0153uvre le principe de parit\u00e9 dans les conseils et les ex\u00e9cutifs, que la loi soit contraignante ou pas. &#8211; Rendre visibles les femmes qui se sont engag\u00e9es \u00e0 prendre des responsabilit\u00e9s Sensibiliser les \u00e9lu\u00b7e\u00b7s et la soci\u00e9t\u00e9 civile sur la parit\u00e9 dans les EPCI, [&hellip;]<\/p>\n","protected":false},"author":1,"featured_media":0,"parent":0,"menu_order":0,"comment_status":"closed","ping_status":"closed","template":"","meta":{"footnotes":""},"class_list":["post-1671","page","type-page","status-publish","hentry"],"yoast_head":"<!-- This site is optimized with the Yoast SEO plugin v22.8 - https:\/\/yoast.com\/wordpress\/plugins\/seo\/ -->\n<title>La Marianne de la Parit\u00e9 - Description de l\u2019action - Elles Aussi<\/title>\n<meta name=\"robots\" content=\"index, follow, max-snippet:-1, max-image-preview:large, max-video-preview:-1\" \/>\n<link rel=\"canonical\" href=\"https:\/\/www.ellesaussi.org\/?page_id=1671\" \/>\n<meta property=\"og:locale\" content=\"fr_FR\" \/>\n<meta property=\"og:type\" content=\"article\" \/>\n<meta property=\"og:title\" content=\"La Marianne de la Parit\u00e9 - Description de l\u2019action - Elles Aussi\" \/>\n<meta property=\"og:description\" content=\"Objectifs de l\u2019action Honorer les intercommunalit\u00e9s qui ont particuli\u00e8rement mis en \u0153uvre le principe de parit\u00e9 dans les conseils et les ex\u00e9cutifs, que la loi soit contraignante ou pas. &#8211; Rendre visibles les femmes qui se sont engag\u00e9es \u00e0 prendre des responsabilit\u00e9s Sensibiliser les \u00e9lu\u00b7e\u00b7s et la soci\u00e9t\u00e9 civile sur la parit\u00e9 dans les EPCI, [&hellip;]\" \/>\n<meta property=\"og:url\" content=\"https:\/\/www.ellesaussi.org\/?page_id=1671\" \/>\n<meta property=\"og:site_name\" content=\"Elles Aussi\" \/>\n<meta property=\"article:publisher\" content=\"https:\/\/www.facebook.com\/ellesaussi\/\" \/>\n<meta property=\"article:modified_time\" content=\"2025-02-12T13:30:38+00:00\" \/>\n<meta property=\"og:image\" content=\"https:\/\/www.ellesaussi.org\/wp-content\/uploads\/2024\/10\/Action-La-Marianne-EPCI-2022-1.jpg\" \/>\n<meta name=\"twitter:card\" content=\"summary_large_image\" \/>\n<meta name=\"twitter:label1\" content=\"Dur\u00e9e de lecture estim\u00e9e\" \/>\n\t<meta name=\"twitter:data1\" content=\"3 minutes\" \/>\n<script type=\"application\/ld+json\" class=\"yoast-schema-graph\">{\"@context\":\"https:\/\/schema.org\",\"@graph\":[{\"@type\":\"WebPage\",\"@id\":\"https:\/\/www.ellesaussi.org\/?page_id=1671\",\"url\":\"https:\/\/www.ellesaussi.org\/?page_id=1671\",\"name\":\"La Marianne de la Parit\u00e9 - Description de l\u2019action - Elles Aussi\",\"isPartOf\":{\"@id\":\"https:\/\/www.ellesaussi.org\/#website\"},\"primaryImageOfPage\":{\"@id\":\"https:\/\/www.ellesaussi.org\/?page_id=1671#primaryimage\"},\"image\":{\"@id\":\"https:\/\/www.ellesaussi.org\/?page_id=1671#primaryimage\"},\"thumbnailUrl\":\"https:\/\/www.ellesaussi.org\/wp-content\/uploads\/2024\/10\/Action-La-Marianne-EPCI-2022-1.jpg\",\"datePublished\":\"2024-10-31T15:39:22+00:00\",\"dateModified\":\"2025-02-12T13:30:38+00:00\",\"breadcrumb\":{\"@id\":\"https:\/\/www.ellesaussi.org\/?page_id=1671#breadcrumb\"},\"inLanguage\":\"fr-FR\",\"potentialAction\":[{\"@type\":\"ReadAction\",\"target\":[\"https:\/\/www.ellesaussi.org\/?page_id=1671\"]}]},{\"@type\":\"ImageObject\",\"inLanguage\":\"fr-FR\",\"@id\":\"https:\/\/www.ellesaussi.org\/?page_id=1671#primaryimage\",\"url\":\"https:\/\/www.ellesaussi.org\/wp-content\/uploads\/2024\/10\/Action-La-Marianne-EPCI-2022-1.jpg\",\"contentUrl\":\"https:\/\/www.ellesaussi.org\/wp-content\/uploads\/2024\/10\/Action-La-Marianne-EPCI-2022-1.jpg\",\"width\":400,\"height\":390},{\"@type\":\"BreadcrumbList\",\"@id\":\"https:\/\/www.ellesaussi.org\/?page_id=1671#breadcrumb\",\"itemListElement\":[{\"@type\":\"ListItem\",\"position\":1,\"name\":\"Accueil\",\"item\":\"https:\/\/www.ellesaussi.org\/\"},{\"@type\":\"ListItem\",\"position\":2,\"name\":\"La Marianne de la Parit\u00e9 &#8211; Description de l\u2019action\"}]},{\"@type\":\"WebSite\",\"@id\":\"https:\/\/www.ellesaussi.org\/#website\",\"url\":\"https:\/\/www.ellesaussi.org\/\",\"name\":\"Elles Aussi\",\"description\":\"\",\"publisher\":{\"@id\":\"https:\/\/www.ellesaussi.org\/#organization\"},\"potentialAction\":[{\"@type\":\"SearchAction\",\"target\":{\"@type\":\"EntryPoint\",\"urlTemplate\":\"https:\/\/www.ellesaussi.org\/?s={search_term_string}\"},\"query-input\":\"required name=search_term_string\"}],\"inLanguage\":\"fr-FR\"},{\"@type\":\"Organization\",\"@id\":\"https:\/\/www.ellesaussi.org\/#organization\",\"name\":\"Elles Aussi\",\"url\":\"https:\/\/www.ellesaussi.org\/\",\"logo\":{\"@type\":\"ImageObject\",\"inLanguage\":\"fr-FR\",\"@id\":\"https:\/\/www.ellesaussi.org\/#\/schema\/logo\/image\/\",\"url\":\"https:\/\/www.ellesaussi.org\/wp-content\/uploads\/2024\/05\/Elles-aussi_logotype_rouge.png\",\"contentUrl\":\"https:\/\/www.ellesaussi.org\/wp-content\/uploads\/2024\/05\/Elles-aussi_logotype_rouge.png\",\"width\":3472,\"height\":2480,\"caption\":\"Elles Aussi\"},\"image\":{\"@id\":\"https:\/\/www.ellesaussi.org\/#\/schema\/logo\/image\/\"},\"sameAs\":[\"https:\/\/www.facebook.com\/ellesaussi\/\"]}]}<\/script>\n<!-- \/ Yoast SEO plugin. -->","yoast_head_json":{"title":"La Marianne de la Parit\u00e9 - Description de l\u2019action - Elles Aussi","robots":{"index":"index","follow":"follow","max-snippet":"max-snippet:-1","max-image-preview":"max-image-preview:large","max-video-preview":"max-video-preview:-1"},"canonical":"https:\/\/www.ellesaussi.org\/?page_id=1671","og_locale":"fr_FR","og_type":"article","og_title":"La Marianne de la Parit\u00e9 - Description de l\u2019action - Elles Aussi","og_description":"Objectifs de l\u2019action Honorer les intercommunalit\u00e9s qui ont particuli\u00e8rement mis en \u0153uvre le principe de parit\u00e9 dans les conseils et les ex\u00e9cutifs, que la loi soit contraignante ou pas. &#8211; Rendre visibles les femmes qui se sont engag\u00e9es \u00e0 prendre des responsabilit\u00e9s Sensibiliser les \u00e9lu\u00b7e\u00b7s et la soci\u00e9t\u00e9 civile sur la parit\u00e9 dans les EPCI, [&hellip;]","og_url":"https:\/\/www.ellesaussi.org\/?page_id=1671","og_site_name":"Elles Aussi","article_publisher":"https:\/\/www.facebook.com\/ellesaussi\/","article_modified_time":"2025-02-12T13:30:38+00:00","og_image":[{"url":"https:\/\/www.ellesaussi.org\/wp-content\/uploads\/2024\/10\/Action-La-Marianne-EPCI-2022-1.jpg"}],"twitter_card":"summary_large_image","twitter_misc":{"Dur\u00e9e de lecture estim\u00e9e":"3 minutes"},"schema":{"@context":"https:\/\/schema.org","@graph":[{"@type":"WebPage","@id":"https:\/\/www.ellesaussi.org\/?page_id=1671","url":"https:\/\/www.ellesaussi.org\/?page_id=1671","name":"La Marianne de la Parit\u00e9 - Description de l\u2019action - Elles Aussi","isPartOf":{"@id":"https:\/\/www.ellesaussi.org\/#website"},"primaryImageOfPage":{"@id":"https:\/\/www.ellesaussi.org\/?page_id=1671#primaryimage"},"image":{"@id":"https:\/\/www.ellesaussi.org\/?page_id=1671#primaryimage"},"thumbnailUrl":"https:\/\/www.ellesaussi.org\/wp-content\/uploads\/2024\/10\/Action-La-Marianne-EPCI-2022-1.jpg","datePublished":"2024-10-31T15:39:22+00:00","dateModified":"2025-02-12T13:30:38+00:00","breadcrumb":{"@id":"https:\/\/www.ellesaussi.org\/?page_id=1671#breadcrumb"},"inLanguage":"fr-FR","potentialAction":[{"@type":"ReadAction","target":["https:\/\/www.ellesaussi.org\/?page_id=1671"]}]},{"@type":"ImageObject","inLanguage":"fr-FR","@id":"https:\/\/www.ellesaussi.org\/?page_id=1671#primaryimage","url":"https:\/\/www.ellesaussi.org\/wp-content\/uploads\/2024\/10\/Action-La-Marianne-EPCI-2022-1.jpg","contentUrl":"https:\/\/www.ellesaussi.org\/wp-content\/uploads\/2024\/10\/Action-La-Marianne-EPCI-2022-1.jpg","width":400,"height":390},{"@type":"BreadcrumbList","@id":"https:\/\/www.ellesaussi.org\/?page_id=1671#breadcrumb","itemListElement":[{"@type":"ListItem","position":1,"name":"Accueil","item":"https:\/\/www.ellesaussi.org\/"},{"@type":"ListItem","position":2,"name":"La Marianne de la Parit\u00e9 &#8211; Description de l\u2019action"}]},{"@type":"WebSite","@id":"https:\/\/www.ellesaussi.org\/#website","url":"https:\/\/www.ellesaussi.org\/","name":"Elles Aussi","description":"","publisher":{"@id":"https:\/\/www.ellesaussi.org\/#organization"},"potentialAction":[{"@type":"SearchAction","target":{"@type":"EntryPoint","urlTemplate":"https:\/\/www.ellesaussi.org\/?s={search_term_string}"},"query-input":"required name=search_term_string"}],"inLanguage":"fr-FR"},{"@type":"Organization","@id":"https:\/\/www.ellesaussi.org\/#organization","name":"Elles Aussi","url":"https:\/\/www.ellesaussi.org\/","logo":{"@type":"ImageObject","inLanguage":"fr-FR","@id":"https:\/\/www.ellesaussi.org\/#\/schema\/logo\/image\/","url":"https:\/\/www.ellesaussi.org\/wp-content\/uploads\/2024\/05\/Elles-aussi_logotype_rouge.png","contentUrl":"https:\/\/www.ellesaussi.org\/wp-content\/uploads\/2024\/05\/Elles-aussi_logotype_rouge.png","width":3472,"height":2480,"caption":"Elles Aussi"},"image":{"@id":"https:\/\/www.ellesaussi.org\/#\/schema\/logo\/image\/"},"sameAs":["https:\/\/www.facebook.com\/ellesaussi\/"]}]}},"_links":{"self":[{"href":"https:\/\/www.ellesaussi.org\/index.php?rest_route=\/wp\/v2\/pages\/1671","targetHints":{"allow":["GET"]}}],"collection":[{"href":"https:\/\/www.ellesaussi.org\/index.php?rest_route=\/wp\/v2\/pages"}],"about":[{"href":"https:\/\/www.ellesaussi.org\/index.php?rest_route=\/wp\/v2\/types\/page"}],"author":[{"embeddable":true,"href":"https:\/\/www.ellesaussi.org\/index.php?rest_route=\/wp\/v2\/users\/1"}],"replies":[{"embeddable":true,"href":"https:\/\/www.ellesaussi.org\/index.php?rest_route=%2Fwp%2Fv2%2Fcomments&post=1671"}],"version-history":[{"count":7,"href":"https:\/\/www.ellesaussi.org\/index.php?rest_route=\/wp\/v2\/pages\/1671\/revisions"}],"predecessor-version":[{"id":3234,"href":"https:\/\/www.ellesaussi.org\/index.php?rest_route=\/wp\/v2\/pages\/1671\/revisions\/3234"}],"wp:attachment":[{"href":"https:\/\/www.ellesaussi.org\/index.php?rest_route=%2Fwp%2Fv2%2Fmedia&parent=1671"}],"curies":[{"name":"wp","href":"https:\/\/api.w.org\/{rel}","templated":true}]}}